{"id":7762,"date":"2024-11-15T18:45:51","date_gmt":"2024-11-15T17:45:51","guid":{"rendered":"https:\/\/protectoravilagarcia.org\/peludo\/chaval\/"},"modified":"2024-11-15T18:45:51","modified_gmt":"2024-11-15T17:45:51","slug":"chaval","status":"publish","type":"product","link":"https:\/\/protectoravilagarcia.org\/es\/peludo\/chaval\/","title":{"rendered":"Chaval"},"content":{"rendered":"<p>Hola! Soy Chaval. Despu\u00e9s de cinco a\u00f1os de adopci\u00f3n, por desgracia volv\u00ed a la prote. Fui adoptado cuando tenia poco mas de un a\u00f1o y ahora no entiendo porque tengo que vivir de nuevo en la prote. Aunque me cuidan muy bien yo prefiero el calor de un hogar. Soy un perro de tama\u00f1o mediano, muy cari\u00f1oso con las personas, me encanta el contacto humano. Soy muy bueno, me llevo bien con mis compa\u00f1eros peludos y me gusta mucho pasear y lo hag muy bien con la correa.      <\/p>\n<p>Si est\u00e1s interesada\/o en adoptarme llama al 986160110, manda un mail (info@protectoravilagarcia.org), contacta por Facebook (https:\/\/www. facebook. com\/protectoravilagarcia) o por instagram.<\/p>\n","protected":false},"excerpt":{"rendered":"<p>Hola! Soy Chaval. Despu\u00e9s de cinco a\u00f1os de adopci\u00f3n, por desgracia volv\u00ed a la prote. Fui adoptado cuando tenia poco mas de un a\u00f1o y ahora no entiendo porque tengo que vivir de nuevo en la prote. Aunque me cuidan muy bien yo prefiero el calor de un hogar. Soy un perro de tama\u00f1o mediano, [&hellip;]<\/p>\n","protected":false},"featured_media":7679,"template":"","meta":[],"product_brand":[],"product_cat":[9],"product_tag":[],"class_list":{"0":"post-7762","1":"product","2":"type-product","3":"status-publish","4":"has-post-thumbnail","6":"product_cat-en-adopcion","7":"pa_especie-perro","8":"pa_raza-mestiza","9":"pa_sexo-macho","10":"pa_tamano-mediano","12":"first","13":"instock","14":"shipping-taxable","15":"product-type-simple"},"_links":{"self":[{"href":"https:\/\/protectoravilagarcia.org\/es\/wp-json\/wp\/v2\/product\/7762","targetHints":{"allow":["GET"]}}],"collection":[{"href":"https:\/\/protectoravilagarcia.org\/es\/wp-json\/wp\/v2\/product"}],"about":[{"href":"https:\/\/protectoravilagarcia.org\/es\/wp-json\/wp\/v2\/types\/product"}],"wp:featuredmedia":[{"embeddable":true,"href":"https:\/\/protectoravilagarcia.org\/es\/wp-json\/wp\/v2\/media\/7679"}],"wp:attachment":[{"href":"https:\/\/protectoravilagarcia.org\/es\/wp-json\/wp\/v2\/media?parent=7762"}],"wp:term":[{"taxonomy":"product_brand","embeddable":true,"href":"https:\/\/protectoravilagarcia.org\/es\/wp-json\/wp\/v2\/product_brand?post=7762"},{"taxonomy":"product_cat","embeddable":true,"href":"https:\/\/protectoravilagarcia.org\/es\/wp-json\/wp\/v2\/product_cat?post=7762"},{"taxonomy":"product_tag","embeddable":true,"href":"https:\/\/protectoravilagarcia.org\/es\/wp-json\/wp\/v2\/product_tag?post=7762"}],"curies":[{"name":"wp","href":"https:\/\/api.w.org\/{rel}","templated":true}]}}