{"id":7752,"date":"2025-03-20T13:29:14","date_gmt":"2025-03-20T12:29:14","guid":{"rendered":"https:\/\/protectoravilagarcia.org\/?post_type=product&#038;p=7752"},"modified":"2025-06-28T12:59:11","modified_gmt":"2025-06-28T10:59:11","slug":"reno","status":"publish","type":"product","link":"https:\/\/protectoravilagarcia.org\/es\/peludo\/reno\/","title":{"rendered":"Reno"},"content":{"rendered":"<p>Hola! Mi nombre es Reno. Soy un perro joven de tama\u00f1o grandote. Soy muy muy cari\u00f1oso, muy simp\u00e1tico, alegre y bonach\u00f3n. Me encanta correr y\u00a0 juguetear. Me encantar\u00eda encontrar una familia con la que poder disfrutar de la vida.<\/p>\n<p>Con la gente soy muy bueno y cari\u00f1oso pero no me gustan los dem\u00e1s perros, por lo que lo mejor para mi, seria una familia que no tuviese mas perritos y en la que ser perro \u00fanico.<\/p>\n<p>Si est\u00e1s interesada\/o en adoptarme llama al 986160110, manda un mail (info@protectoravilagarcia.org), contacta por Facebook (https:\/\/www. facebook. com\/protectoravilagarcia) o por instagram.<\/p>\n","protected":false},"excerpt":{"rendered":"<p>Hola! Mi nombre es Reno. Soy un perro joven de tama\u00f1o grandote. Soy muy muy cari\u00f1oso, muy simp\u00e1tico, alegre y bonach\u00f3n. Me encanta correr y\u00a0 juguetear. Me encantar\u00eda encontrar una familia con la que poder disfrutar de la vida. Con la gente soy muy bueno y cari\u00f1oso pero no me gustan los dem\u00e1s perros, por [&hellip;]<\/p>\n","protected":false},"featured_media":7753,"template":"","meta":[],"product_brand":[],"product_cat":[46],"product_tag":[],"class_list":{"0":"post-7752","1":"product","2":"type-product","3":"status-publish","4":"has-post-thumbnail","6":"product_cat-adoptados","7":"pa_especie-perro","8":"pa_raza-mestiza-labrador","9":"pa_sexo-macho","10":"pa_tamano-grande","12":"first","13":"instock","14":"shipping-taxable","15":"product-type-simple"},"_links":{"self":[{"href":"https:\/\/protectoravilagarcia.org\/es\/wp-json\/wp\/v2\/product\/7752","targetHints":{"allow":["GET"]}}],"collection":[{"href":"https:\/\/protectoravilagarcia.org\/es\/wp-json\/wp\/v2\/product"}],"about":[{"href":"https:\/\/protectoravilagarcia.org\/es\/wp-json\/wp\/v2\/types\/product"}],"wp:featuredmedia":[{"embeddable":true,"href":"https:\/\/protectoravilagarcia.org\/es\/wp-json\/wp\/v2\/media\/7753"}],"wp:attachment":[{"href":"https:\/\/protectoravilagarcia.org\/es\/wp-json\/wp\/v2\/media?parent=7752"}],"wp:term":[{"taxonomy":"product_brand","embeddable":true,"href":"https:\/\/protectoravilagarcia.org\/es\/wp-json\/wp\/v2\/product_brand?post=7752"},{"taxonomy":"product_cat","embeddable":true,"href":"https:\/\/protectoravilagarcia.org\/es\/wp-json\/wp\/v2\/product_cat?post=7752"},{"taxonomy":"product_tag","embeddable":true,"href":"https:\/\/protectoravilagarcia.org\/es\/wp-json\/wp\/v2\/product_tag?post=7752"}],"curies":[{"name":"wp","href":"https:\/\/api.w.org\/{rel}","templated":true}]}}