{"id":7702,"date":"2024-11-15T18:35:18","date_gmt":"2024-11-15T17:35:18","guid":{"rendered":"https:\/\/protectoravilagarcia.org\/peludo\/nevea\/"},"modified":"2024-11-15T18:35:18","modified_gmt":"2024-11-15T17:35:18","slug":"nevea","status":"publish","type":"product","link":"https:\/\/protectoravilagarcia.org\/es\/peludo\/nevea\/","title":{"rendered":"Nevea"},"content":{"rendered":"<p>\u00a1Hola!! Me llamo Nevea. Llegu\u00e9 a refugio con mis cachorros hace tiempo, ell@s encontraron familias r\u00e1pidamente y a mi tambi\u00e9n me gustar\u00eda encontrar una. Soy una perrita joven, un poco t\u00edmida y con miedo con los desconocidos pero con un poco de paciencia y tempo soy alegre, juguetona , loquita y cari\u00f1osa.<\/p>\n<p>Si est\u00e1s interesada\/o en adoptarme llama al 986160110, manda un mail (info@protectoravilagarcia.org), contacta por Facebook (https:\/\/www. facebook. com\/protectoravilagarcia) o por instagram.<\/p>\n","protected":false},"excerpt":{"rendered":"<p>\u00a1Hola!! Me llamo Nevea. Llegu\u00e9 a refugio con mis cachorros hace tiempo, ell@s encontraron familias r\u00e1pidamente y a mi tambi\u00e9n me gustar\u00eda encontrar una. Soy una perrita joven, un poco t\u00edmida y con miedo con los desconocidos pero con un poco de paciencia y tempo soy alegre, juguetona , loquita y cari\u00f1osa. Si est\u00e1s interesada\/o [&hellip;]<\/p>\n","protected":false},"featured_media":7670,"template":"","meta":[],"product_brand":[],"product_cat":[9],"product_tag":[],"class_list":{"0":"post-7702","1":"product","2":"type-product","3":"status-publish","4":"has-post-thumbnail","6":"product_cat-en-adopcion","7":"pa_especie-perro","8":"pa_raza-mestiza-grifon","9":"pa_sexo-hembra","10":"pa_tamano-mediano","12":"first","13":"instock","14":"shipping-taxable","15":"product-type-simple"},"_links":{"self":[{"href":"https:\/\/protectoravilagarcia.org\/es\/wp-json\/wp\/v2\/product\/7702","targetHints":{"allow":["GET"]}}],"collection":[{"href":"https:\/\/protectoravilagarcia.org\/es\/wp-json\/wp\/v2\/product"}],"about":[{"href":"https:\/\/protectoravilagarcia.org\/es\/wp-json\/wp\/v2\/types\/product"}],"wp:featuredmedia":[{"embeddable":true,"href":"https:\/\/protectoravilagarcia.org\/es\/wp-json\/wp\/v2\/media\/7670"}],"wp:attachment":[{"href":"https:\/\/protectoravilagarcia.org\/es\/wp-json\/wp\/v2\/media?parent=7702"}],"wp:term":[{"taxonomy":"product_brand","embeddable":true,"href":"https:\/\/protectoravilagarcia.org\/es\/wp-json\/wp\/v2\/product_brand?post=7702"},{"taxonomy":"product_cat","embeddable":true,"href":"https:\/\/protectoravilagarcia.org\/es\/wp-json\/wp\/v2\/product_cat?post=7702"},{"taxonomy":"product_tag","embeddable":true,"href":"https:\/\/protectoravilagarcia.org\/es\/wp-json\/wp\/v2\/product_tag?post=7702"}],"curies":[{"name":"wp","href":"https:\/\/api.w.org\/{rel}","templated":true}]}}