{"id":7701,"date":"2024-11-14T22:26:12","date_gmt":"2024-11-14T21:26:12","guid":{"rendered":"https:\/\/protectoravilagarcia.org\/peludo\/wasap\/"},"modified":"2024-11-14T22:26:12","modified_gmt":"2024-11-14T21:26:12","slug":"wasap","status":"publish","type":"product","link":"https:\/\/protectoravilagarcia.org\/es\/peludo\/wasap\/","title":{"rendered":"Wasap"},"content":{"rendered":"<p>\u00a1Hola! Soy Wasap. Aunque que todos\/as me llaman Was. Soy de tama\u00f1o peque\u00f1o. Me llevo de marabilla con otros perros, tanto machos como hembras, y tener compa\u00f1er@s pelud@s me ayuda mucho a vencer mis miedos y la timidez con la gente. Lo que yo necesitar\u00eda ser\u00eda una familia con paciencia y que, adem\u00e1s de mucha calma, tranquilidad y amor, me de tiempo para confiar, perder mis miedos y traumas. Pero prometo que cuando todo esto est\u00e9 superado, ser\u00e9 la mejor compa\u00f1era de vida que podr\u00edas tener. \u00bfQuieres darme una oportunidad?<\/p>\n<p>Si est\u00e1s interesada\/o en adoptarme llama al 986160110, manda un mail (info@protectoravilagarcia.org), contacta por Facebook (https:\/\/www. facebook. com\/protectoravilagarcia) o por instagram.<\/p>\n","protected":false},"excerpt":{"rendered":"<p>\u00a1Hola! Soy Wasap. Aunque que todos\/as me llaman Was. Soy de tama\u00f1o peque\u00f1o. Me llevo de marabilla con otros perros, tanto machos como hembras, y tener compa\u00f1er@s pelud@s me ayuda mucho a vencer mis miedos y la timidez con la gente. Lo que yo necesitar\u00eda ser\u00eda una familia con paciencia y que, adem\u00e1s de mucha [&hellip;]<\/p>\n","protected":false},"featured_media":7759,"template":"","meta":[],"product_brand":[],"product_cat":[9],"product_tag":[],"class_list":{"0":"post-7701","1":"product","2":"type-product","3":"status-publish","4":"has-post-thumbnail","6":"product_cat-en-adopcion","7":"pa_especie-perro","8":"pa_raza-mestiza","9":"pa_sexo-hembra","10":"pa_tamano-pequeno","12":"first","13":"instock","14":"shipping-taxable","15":"product-type-simple"},"_links":{"self":[{"href":"https:\/\/protectoravilagarcia.org\/es\/wp-json\/wp\/v2\/product\/7701","targetHints":{"allow":["GET"]}}],"collection":[{"href":"https:\/\/protectoravilagarcia.org\/es\/wp-json\/wp\/v2\/product"}],"about":[{"href":"https:\/\/protectoravilagarcia.org\/es\/wp-json\/wp\/v2\/types\/product"}],"wp:featuredmedia":[{"embeddable":true,"href":"https:\/\/protectoravilagarcia.org\/es\/wp-json\/wp\/v2\/media\/7759"}],"wp:attachment":[{"href":"https:\/\/protectoravilagarcia.org\/es\/wp-json\/wp\/v2\/media?parent=7701"}],"wp:term":[{"taxonomy":"product_brand","embeddable":true,"href":"https:\/\/protectoravilagarcia.org\/es\/wp-json\/wp\/v2\/product_brand?post=7701"},{"taxonomy":"product_cat","embeddable":true,"href":"https:\/\/protectoravilagarcia.org\/es\/wp-json\/wp\/v2\/product_cat?post=7701"},{"taxonomy":"product_tag","embeddable":true,"href":"https:\/\/protectoravilagarcia.org\/es\/wp-json\/wp\/v2\/product_tag?post=7701"}],"curies":[{"name":"wp","href":"https:\/\/api.w.org\/{rel}","templated":true}]}}