{"id":7699,"date":"2024-11-14T22:10:58","date_gmt":"2024-11-14T21:10:58","guid":{"rendered":"https:\/\/protectoravilagarcia.org\/peludo\/rabino\/"},"modified":"2024-11-14T22:10:58","modified_gmt":"2024-11-14T21:10:58","slug":"rabino","status":"publish","type":"product","link":"https:\/\/protectoravilagarcia.org\/es\/peludo\/rabino\/","title":{"rendered":"Rabino"},"content":{"rendered":"<p>\u00a1Qu\u00e9 tal! Me llamo Rabino, y como pod\u00e9is ver, la vida no me ha tratado del todo bien. Soy muy mayor, y llegu\u00e9 a la prote hecho un piltrafa. Ven\u00eda con un collar muuuy grande lleno de ro\u00f1a, todo mi pelo enredado y lleno de rastas porque estaba muy sucio. Tiene pinta de que la vida que llevaba antes no era nada buena. Aghora en la prote no estoy en canil con dem\u00e1s porque son muy viejito, veo poco y tengo que estar tranquilo. Por eso las cuidadoras me tienen dentro del edificio de las cuarentenas y por el d\u00eda ando por la plazoleta a mi bola. Aunque ahoora estoy mucho mejor que antes, eso seguro, lo que me vendr\u00eda de perlas ser\u00eda un hogar calentito y tranquilo para pasar a mi jubilaci\u00f3n. \u00bfMe lo puedes dar t\u00fa?<\/p>\n<p>Si est\u00e1s interesada\/o en adoptarme llama al 986160110, manda un mail (info@protectoravilagarcia.org), contacta por Facebook (https:\/\/www. facebook. com\/protectoravilagarcia) o por instagram.<\/p>\n","protected":false},"excerpt":{"rendered":"<p>\u00a1Qu\u00e9 tal! Me llamo Rabino, y como pod\u00e9is ver, la vida no me ha tratado del todo bien. Soy muy mayor, y llegu\u00e9 a la prote hecho un piltrafa. Ven\u00eda con un collar muuuy grande lleno de ro\u00f1a, todo mi pelo enredado y lleno de rastas porque estaba muy sucio. Tiene pinta de que la [&hellip;]<\/p>\n","protected":false},"featured_media":7661,"template":"","meta":[],"product_brand":[],"product_cat":[9],"product_tag":[],"class_list":{"0":"post-7699","1":"product","2":"type-product","3":"status-publish","4":"has-post-thumbnail","6":"product_cat-en-adopcion","7":"pa_especie-perro","8":"pa_raza-mestiza","9":"pa_sexo-macho","10":"pa_tamano-pequeno","12":"first","13":"instock","14":"shipping-taxable","15":"product-type-simple"},"_links":{"self":[{"href":"https:\/\/protectoravilagarcia.org\/es\/wp-json\/wp\/v2\/product\/7699","targetHints":{"allow":["GET"]}}],"collection":[{"href":"https:\/\/protectoravilagarcia.org\/es\/wp-json\/wp\/v2\/product"}],"about":[{"href":"https:\/\/protectoravilagarcia.org\/es\/wp-json\/wp\/v2\/types\/product"}],"wp:featuredmedia":[{"embeddable":true,"href":"https:\/\/protectoravilagarcia.org\/es\/wp-json\/wp\/v2\/media\/7661"}],"wp:attachment":[{"href":"https:\/\/protectoravilagarcia.org\/es\/wp-json\/wp\/v2\/media?parent=7699"}],"wp:term":[{"taxonomy":"product_brand","embeddable":true,"href":"https:\/\/protectoravilagarcia.org\/es\/wp-json\/wp\/v2\/product_brand?post=7699"},{"taxonomy":"product_cat","embeddable":true,"href":"https:\/\/protectoravilagarcia.org\/es\/wp-json\/wp\/v2\/product_cat?post=7699"},{"taxonomy":"product_tag","embeddable":true,"href":"https:\/\/protectoravilagarcia.org\/es\/wp-json\/wp\/v2\/product_tag?post=7699"}],"curies":[{"name":"wp","href":"https:\/\/api.w.org\/{rel}","templated":true}]}}