{"id":7698,"date":"2024-11-14T22:02:48","date_gmt":"2024-11-14T21:02:48","guid":{"rendered":"https:\/\/protectoravilagarcia.org\/peludo\/gordo\/"},"modified":"2024-11-14T22:02:48","modified_gmt":"2024-11-14T21:02:48","slug":"gordo","status":"publish","type":"product","link":"https:\/\/protectoravilagarcia.org\/es\/peludo\/gordo\/","title":{"rendered":"Gordo"},"content":{"rendered":"<p>Me llamo Gordo. Llegu\u00e9 hace un tiempo a la prote sin tener ni idea de c\u00f3mo ser perro. Al principio no sab\u00eda ni lo que eran los mimos ni las caricias. Con el paso del tiempo y de los d\u00edas fu\u00ed descubriendo lo maravilloso que es estar con personas que respetan mi espacio y que me van ense\u00f1ando poco a poco lo que es la vida. Mis cuidadoras creen que antes deb\u00eda estar en una finca solo o algo parecido. Ahora estoy mucho mejor, me llaman oso amoroso. Cada d\u00eda me m\u00e1s las caricias, soy muy listo y aprendo muy r\u00e1pido. Paseo muy bien pero con los otros perros no me llevo de todo bien, por lo que de momento hasta que no mejore m\u00e1s ser\u00eda mejor que fuese a una casa como perro \u00fanico. Pero con paciencia, cari\u00f1o y trabajo seguro que llego a ser un perro equilibrado amigo de todos\/as. \u00bfTe animas a ayudarme a mejorar?<\/p>\n<p>Si est\u00e1s interesada\/o en adoptarme llama al 986160110, manda un mail (info@protectoravilagarcia.org), contacta por Facebook (https:\/\/www. facebook. com\/protectoravilagarcia) o por instagram.<\/p>\n","protected":false},"excerpt":{"rendered":"<p>Me llamo Gordo. Llegu\u00e9 hace un tiempo a la prote sin tener ni idea de c\u00f3mo ser perro. Al principio no sab\u00eda ni lo que eran los mimos ni las caricias. Con el paso del tiempo y de los d\u00edas fu\u00ed descubriendo lo maravilloso que es estar con personas que respetan mi espacio y que [&hellip;]<\/p>\n","protected":false},"featured_media":7658,"template":"","meta":[],"product_brand":[],"product_cat":[46],"product_tag":[],"class_list":{"0":"post-7698","1":"product","2":"type-product","3":"status-publish","4":"has-post-thumbnail","6":"product_cat-adoptados","7":"pa_especie-perro","8":"pa_raza-mestizo-tipo-pastor","9":"pa_sexo-macho","10":"pa_tamano-grande","12":"first","13":"instock","14":"shipping-taxable","15":"product-type-simple"},"_links":{"self":[{"href":"https:\/\/protectoravilagarcia.org\/es\/wp-json\/wp\/v2\/product\/7698","targetHints":{"allow":["GET"]}}],"collection":[{"href":"https:\/\/protectoravilagarcia.org\/es\/wp-json\/wp\/v2\/product"}],"about":[{"href":"https:\/\/protectoravilagarcia.org\/es\/wp-json\/wp\/v2\/types\/product"}],"wp:featuredmedia":[{"embeddable":true,"href":"https:\/\/protectoravilagarcia.org\/es\/wp-json\/wp\/v2\/media\/7658"}],"wp:attachment":[{"href":"https:\/\/protectoravilagarcia.org\/es\/wp-json\/wp\/v2\/media?parent=7698"}],"wp:term":[{"taxonomy":"product_brand","embeddable":true,"href":"https:\/\/protectoravilagarcia.org\/es\/wp-json\/wp\/v2\/product_brand?post=7698"},{"taxonomy":"product_cat","embeddable":true,"href":"https:\/\/protectoravilagarcia.org\/es\/wp-json\/wp\/v2\/product_cat?post=7698"},{"taxonomy":"product_tag","embeddable":true,"href":"https:\/\/protectoravilagarcia.org\/es\/wp-json\/wp\/v2\/product_tag?post=7698"}],"curies":[{"name":"wp","href":"https:\/\/api.w.org\/{rel}","templated":true}]}}