{"id":7697,"date":"2024-11-14T21:48:09","date_gmt":"2024-11-14T20:48:09","guid":{"rendered":"https:\/\/protectoravilagarcia.org\/peludo\/manso\/"},"modified":"2024-11-14T21:48:09","modified_gmt":"2024-11-14T20:48:09","slug":"manso","status":"publish","type":"product","link":"https:\/\/protectoravilagarcia.org\/es\/peludo\/manso\/","title":{"rendered":"Manso"},"content":{"rendered":"<p>Hola Me llamo Manso. Y como pod\u00e9is ver soy una belleza. Llegu\u00e9 a la prote un poco asustado pero al ver el amor y el cari\u00f1o que me daban las cuidadoras me relaj\u00e9 y ahora dicen que soy un perro activo, juguet\u00f3n y cari\u00f1oso. Estoy deseando tener una familia con la que poder pasear, jugar, relajarme y compartir el resto de mi vida.<\/p>\n<p>\u00bfSer\u00e1 la tuya?<\/p>\n<p>Si est\u00e1s interesada\/o en adoptarme llama al 986160110, manda un mail (info@protectoravilagarcia.org), contacta por Facebook (https:\/\/www. facebook. com\/protectoravilagarcia) o por instagram.<\/p>\n","protected":false},"excerpt":{"rendered":"<p>Hola Me llamo Manso. Y como pod\u00e9is ver soy una belleza. Llegu\u00e9 a la prote un poco asustado pero al ver el amor y el cari\u00f1o que me daban las cuidadoras me relaj\u00e9 y ahora dicen que soy un perro activo, juguet\u00f3n y cari\u00f1oso. Estoy deseando tener una familia con la que poder pasear, jugar, [&hellip;]<\/p>\n","protected":false},"featured_media":7653,"template":"","meta":[],"product_brand":[],"product_cat":[46],"product_tag":[],"class_list":{"0":"post-7697","1":"product","2":"type-product","3":"status-publish","4":"has-post-thumbnail","6":"product_cat-adoptados","7":"pa_especie-perro","8":"pa_raza-mestiza","9":"pa_sexo-macho","10":"pa_tamano-mediano","12":"first","13":"instock","14":"shipping-taxable","15":"product-type-simple"},"_links":{"self":[{"href":"https:\/\/protectoravilagarcia.org\/es\/wp-json\/wp\/v2\/product\/7697","targetHints":{"allow":["GET"]}}],"collection":[{"href":"https:\/\/protectoravilagarcia.org\/es\/wp-json\/wp\/v2\/product"}],"about":[{"href":"https:\/\/protectoravilagarcia.org\/es\/wp-json\/wp\/v2\/types\/product"}],"wp:featuredmedia":[{"embeddable":true,"href":"https:\/\/protectoravilagarcia.org\/es\/wp-json\/wp\/v2\/media\/7653"}],"wp:attachment":[{"href":"https:\/\/protectoravilagarcia.org\/es\/wp-json\/wp\/v2\/media?parent=7697"}],"wp:term":[{"taxonomy":"product_brand","embeddable":true,"href":"https:\/\/protectoravilagarcia.org\/es\/wp-json\/wp\/v2\/product_brand?post=7697"},{"taxonomy":"product_cat","embeddable":true,"href":"https:\/\/protectoravilagarcia.org\/es\/wp-json\/wp\/v2\/product_cat?post=7697"},{"taxonomy":"product_tag","embeddable":true,"href":"https:\/\/protectoravilagarcia.org\/es\/wp-json\/wp\/v2\/product_tag?post=7697"}],"curies":[{"name":"wp","href":"https:\/\/api.w.org\/{rel}","templated":true}]}}