{"id":7696,"date":"2024-11-14T19:04:04","date_gmt":"2024-11-14T18:04:04","guid":{"rendered":"https:\/\/protectoravilagarcia.org\/peludo\/rachito\/"},"modified":"2024-11-14T19:04:04","modified_gmt":"2024-11-14T18:04:04","slug":"rachito","status":"publish","type":"product","link":"https:\/\/protectoravilagarcia.org\/es\/peludo\/rachito\/","title":{"rendered":"Rachito"},"content":{"rendered":"<p>Hola Me llamo Rachito. Soy un perrito joven y en mi corta vida sufr\u00ed mucho. Llegu\u00e9 al refugio hace tiempo con un golpe en la cara, una pata rota y una herida abierta en la otra pata. Mis cuidadoras no saben que me pudo pasar en mi vida de antes de llegar, pero lo que si saben es que no pudo ser nada bueno. Cuando llegu\u00e9 estaba absolutamente aterrorizado de todo, cuelquiera ru\u00eddo, por peque\u00f1o que fuera, me hac\u00eda temblar y huir para meterme debajo de algo&#8230;hasta el ru\u00eddo del viento me asustaba. <span class=\"html-span xexx8yu x4uap5 x18d9i69 xkhd6sd x1hl2dhg x16tdsg8 x1vvkbs x3nfvp2 x1j61x8r x1fcty0u xdj266r xat24cr xgzva0m xhhsvwb xxymvpz xlup9mm x1kky2od\"><img loading=\"lazy\" decoding=\"async\" class=\"xz74otr\" src=\"https:\/\/static.xx.fbcdn.net\/images\/emoji.php\/v9\/t3a\/2\/16\/1f97a.png\" alt=\":(\" width=\"16\" height=\"16\"><\/span>. Poco a poco con paciencia, trabajo y mucho amor, comenc\u00e9 a sentirme seguro, tranquilo y fu\u00ed venciendo miedos. Mejor\u00e9 mucho en este tiempo pero a\u00fan tengo que seguir mejorando, y que mejor que hacerlo en una casita con mucho amor y cuidados. Me los quieres da tu?<\/p>\n<p>Si est\u00e1s interesada\/o en adoptarme llama al 986160110, manda un mail (info@protectoravilagarcia.org), contacta por Facebook (https:\/\/www. facebook. com\/protectoravilagarcia) o por instagram.<\/p>\n","protected":false},"excerpt":{"rendered":"<p>Hola Me llamo Rachito. Soy un perrito joven y en mi corta vida sufr\u00ed mucho. Llegu\u00e9 al refugio hace tiempo con un golpe en la cara, una pata rota y una herida abierta en la otra pata. Mis cuidadoras no saben que me pudo pasar en mi vida de antes de llegar, pero lo que [&hellip;]<\/p>\n","protected":false},"featured_media":7648,"template":"","meta":[],"product_brand":[],"product_cat":[46],"product_tag":[],"class_list":{"0":"post-7696","1":"product","2":"type-product","3":"status-publish","4":"has-post-thumbnail","6":"product_cat-adoptados","7":"pa_especie-perro","8":"pa_raza-mestiza","9":"pa_sexo-macho","10":"pa_tamano-mediano","12":"first","13":"instock","14":"shipping-taxable","15":"product-type-simple"},"_links":{"self":[{"href":"https:\/\/protectoravilagarcia.org\/es\/wp-json\/wp\/v2\/product\/7696","targetHints":{"allow":["GET"]}}],"collection":[{"href":"https:\/\/protectoravilagarcia.org\/es\/wp-json\/wp\/v2\/product"}],"about":[{"href":"https:\/\/protectoravilagarcia.org\/es\/wp-json\/wp\/v2\/types\/product"}],"wp:featuredmedia":[{"embeddable":true,"href":"https:\/\/protectoravilagarcia.org\/es\/wp-json\/wp\/v2\/media\/7648"}],"wp:attachment":[{"href":"https:\/\/protectoravilagarcia.org\/es\/wp-json\/wp\/v2\/media?parent=7696"}],"wp:term":[{"taxonomy":"product_brand","embeddable":true,"href":"https:\/\/protectoravilagarcia.org\/es\/wp-json\/wp\/v2\/product_brand?post=7696"},{"taxonomy":"product_cat","embeddable":true,"href":"https:\/\/protectoravilagarcia.org\/es\/wp-json\/wp\/v2\/product_cat?post=7696"},{"taxonomy":"product_tag","embeddable":true,"href":"https:\/\/protectoravilagarcia.org\/es\/wp-json\/wp\/v2\/product_tag?post=7696"}],"curies":[{"name":"wp","href":"https:\/\/api.w.org\/{rel}","templated":true}]}}