{"id":7691,"date":"2024-11-14T18:51:38","date_gmt":"2024-11-14T17:51:38","guid":{"rendered":"https:\/\/protectoravilagarcia.org\/peludo\/lana\/"},"modified":"2024-11-14T18:51:38","modified_gmt":"2024-11-14T17:51:38","slug":"lana","status":"publish","type":"product","link":"https:\/\/protectoravilagarcia.org\/es\/peludo\/lana\/","title":{"rendered":"Lana"},"content":{"rendered":"<p>Hola a todos\/as: Me llamo Lana. Soy una pastora belga muy guapa, como pod\u00e9is ver. No lo pas\u00e9 muy bien en mi vida anterior, as\u00ed que me encantar\u00eda encontrar una familia que me quiera y un lugar en el que estar tranquila. Ya que, soy un poquito mayor. Pero que mi edad no te enga\u00f1e, sigo siendo muy activa, cari\u00f1osa, alegre&#8230; Mis cuidadoras dicen que soy muy buena y muy muy lista. Me gustar\u00eda dejar el pasado tan feo que viv\u00ed encontrando una nueva familia que me quiera mucho. Ser\u00e1 la tuya?<\/p>\n<p>Si quieres ser mi familia llama al 986160110, manda un mail (info@protectoravilagarcia.org), contacta por Facebook (https:\/\/www. facebook. com\/protectoravilagarcia) o por instagram.<\/p>\n","protected":false},"excerpt":{"rendered":"<p>Hola a todos\/as: Me llamo Lana. Soy una pastora belga muy guapa, como pod\u00e9is ver. No lo pas\u00e9 muy bien en mi vida anterior, as\u00ed que me encantar\u00eda encontrar una familia que me quiera y un lugar en el que estar tranquila. Ya que, soy un poquito mayor. Pero que mi edad no te enga\u00f1e, [&hellip;]<\/p>\n","protected":false},"featured_media":7646,"template":"","meta":[],"product_brand":[],"product_cat":[46],"product_tag":[],"class_list":{"0":"post-7691","1":"product","2":"type-product","3":"status-publish","4":"has-post-thumbnail","6":"product_cat-adoptados","7":"pa_especie-perro","8":"pa_raza-pastor-belga","9":"pa_sexo-hembra","10":"pa_tamano-mediano","12":"first","13":"instock","14":"shipping-taxable","15":"product-type-simple"},"_links":{"self":[{"href":"https:\/\/protectoravilagarcia.org\/es\/wp-json\/wp\/v2\/product\/7691","targetHints":{"allow":["GET"]}}],"collection":[{"href":"https:\/\/protectoravilagarcia.org\/es\/wp-json\/wp\/v2\/product"}],"about":[{"href":"https:\/\/protectoravilagarcia.org\/es\/wp-json\/wp\/v2\/types\/product"}],"wp:featuredmedia":[{"embeddable":true,"href":"https:\/\/protectoravilagarcia.org\/es\/wp-json\/wp\/v2\/media\/7646"}],"wp:attachment":[{"href":"https:\/\/protectoravilagarcia.org\/es\/wp-json\/wp\/v2\/media?parent=7691"}],"wp:term":[{"taxonomy":"product_brand","embeddable":true,"href":"https:\/\/protectoravilagarcia.org\/es\/wp-json\/wp\/v2\/product_brand?post=7691"},{"taxonomy":"product_cat","embeddable":true,"href":"https:\/\/protectoravilagarcia.org\/es\/wp-json\/wp\/v2\/product_cat?post=7691"},{"taxonomy":"product_tag","embeddable":true,"href":"https:\/\/protectoravilagarcia.org\/es\/wp-json\/wp\/v2\/product_tag?post=7691"}],"curies":[{"name":"wp","href":"https:\/\/api.w.org\/{rel}","templated":true}]}}