{"id":7690,"date":"2024-11-14T18:38:38","date_gmt":"2024-11-14T17:38:38","guid":{"rendered":"https:\/\/protectoravilagarcia.org\/peludo\/inc\/"},"modified":"2024-11-14T18:38:38","modified_gmt":"2024-11-14T17:38:38","slug":"inc","status":"publish","type":"product","link":"https:\/\/protectoravilagarcia.org\/es\/peludo\/inc\/","title":{"rendered":"Inc"},"content":{"rendered":"<p>Buenas: Me llamo Inc. Solo quer\u00eda pasarme por aqu\u00ed para deciros que estoy deseando tener una familia, ya que llevo en la prote m\u00e1s de dos a\u00f1os y a\u00fan no conozco lo que es tener una familia de verdad. Y no se por qu\u00e9, ya que soy un perro muy alegre, cari\u00f1osoy juguet\u00f3n. Soy de tama\u00f1o medio (tirando a peque\u00f1o) y si me adoptas prometo ser puro amor.<\/p>\n<p>Si quieres ser mi familia llama al 986160110, manda un mail (info@protectoravilagarcia.org), contacta por Facebook (https:\/\/www. facebook. com\/protectoravilagarcia) o por instagram.<\/p>\n","protected":false},"excerpt":{"rendered":"<p>Buenas: Me llamo Inc. Solo quer\u00eda pasarme por aqu\u00ed para deciros que estoy deseando tener una familia, ya que llevo en la prote m\u00e1s de dos a\u00f1os y a\u00fan no conozco lo que es tener una familia de verdad. Y no se por qu\u00e9, ya que soy un perro muy alegre, cari\u00f1osoy juguet\u00f3n. Soy de [&hellip;]<\/p>\n","protected":false},"featured_media":7635,"template":"","meta":[],"product_brand":[],"product_cat":[46],"product_tag":[],"class_list":{"0":"post-7690","1":"product","2":"type-product","3":"status-publish","4":"has-post-thumbnail","6":"product_cat-adoptados","7":"pa_especie-perro","8":"pa_raza-mestiza","10":"first","11":"instock","12":"shipping-taxable","13":"product-type-simple"},"_links":{"self":[{"href":"https:\/\/protectoravilagarcia.org\/es\/wp-json\/wp\/v2\/product\/7690","targetHints":{"allow":["GET"]}}],"collection":[{"href":"https:\/\/protectoravilagarcia.org\/es\/wp-json\/wp\/v2\/product"}],"about":[{"href":"https:\/\/protectoravilagarcia.org\/es\/wp-json\/wp\/v2\/types\/product"}],"wp:featuredmedia":[{"embeddable":true,"href":"https:\/\/protectoravilagarcia.org\/es\/wp-json\/wp\/v2\/media\/7635"}],"wp:attachment":[{"href":"https:\/\/protectoravilagarcia.org\/es\/wp-json\/wp\/v2\/media?parent=7690"}],"wp:term":[{"taxonomy":"product_brand","embeddable":true,"href":"https:\/\/protectoravilagarcia.org\/es\/wp-json\/wp\/v2\/product_brand?post=7690"},{"taxonomy":"product_cat","embeddable":true,"href":"https:\/\/protectoravilagarcia.org\/es\/wp-json\/wp\/v2\/product_cat?post=7690"},{"taxonomy":"product_tag","embeddable":true,"href":"https:\/\/protectoravilagarcia.org\/es\/wp-json\/wp\/v2\/product_tag?post=7690"}],"curies":[{"name":"wp","href":"https:\/\/api.w.org\/{rel}","templated":true}]}}