{"id":7639,"date":"2024-11-14T18:56:30","date_gmt":"2024-11-14T17:56:30","guid":{"rendered":"https:\/\/protectoravilagarcia.org\/?post_type=product&#038;p=7639"},"modified":"2025-03-20T10:10:44","modified_gmt":"2025-03-20T09:10:44","slug":"7639","status":"publish","type":"product","link":"https:\/\/protectoravilagarcia.org\/es\/peludo\/7639\/","title":{"rendered":"Magma"},"content":{"rendered":"<p>Ola! Ch\u00e1mome Magma \u00e9 son unha cachorra de tama\u00f1o mediano\/grande. As mi\u00f1as coidadoras din que son moi sociable, activa, xoguetona e moi cari\u00f1osa. Son unha candela alegre a que lle gusta moito estar con humanos e xogar con eles. Polo que me encantar\u00eda ter un fogar no que ter compa\u00f1\u00eda e moito amor. An\u00edmaste a darmo ti?<\/p>\n<p>Se est\u00e1s interesada\/o en adoptarme chama ao 986160110, manda un mail (info@protectoravilagarcia.org), contacta por Facebook (https:\/\/www. facebook. com\/protectoravilagarcia) ou por instagram.<\/p>\n","protected":false},"excerpt":{"rendered":"<p>Ola! Ch\u00e1mome Magma \u00e9 son unha cachorra de tama\u00f1o mediano\/grande. As mi\u00f1as coidadoras din que son moi sociable, activa, xoguetona e moi cari\u00f1osa. Son unha candela alegre a que lle gusta moito estar con humanos e xogar con eles. Polo que me encantar\u00eda ter un fogar no que ter compa\u00f1\u00eda e moito amor. An\u00edmaste a [&hellip;]<\/p>\n","protected":false},"featured_media":7640,"template":"","meta":[],"product_brand":[],"product_cat":[46],"product_tag":[],"class_list":{"0":"post-7639","1":"product","2":"type-product","3":"status-publish","4":"has-post-thumbnail","6":"product_cat-adoptados","7":"pa_especie-perro","8":"pa_raza-mestiza","9":"pa_sexo-hembra","10":"pa_tamano-grande","12":"first","13":"instock","14":"shipping-taxable","15":"product-type-simple"},"_links":{"self":[{"href":"https:\/\/protectoravilagarcia.org\/es\/wp-json\/wp\/v2\/product\/7639","targetHints":{"allow":["GET"]}}],"collection":[{"href":"https:\/\/protectoravilagarcia.org\/es\/wp-json\/wp\/v2\/product"}],"about":[{"href":"https:\/\/protectoravilagarcia.org\/es\/wp-json\/wp\/v2\/types\/product"}],"wp:featuredmedia":[{"embeddable":true,"href":"https:\/\/protectoravilagarcia.org\/es\/wp-json\/wp\/v2\/media\/7640"}],"wp:attachment":[{"href":"https:\/\/protectoravilagarcia.org\/es\/wp-json\/wp\/v2\/media?parent=7639"}],"wp:term":[{"taxonomy":"product_brand","embeddable":true,"href":"https:\/\/protectoravilagarcia.org\/es\/wp-json\/wp\/v2\/product_brand?post=7639"},{"taxonomy":"product_cat","embeddable":true,"href":"https:\/\/protectoravilagarcia.org\/es\/wp-json\/wp\/v2\/product_cat?post=7639"},{"taxonomy":"product_tag","embeddable":true,"href":"https:\/\/protectoravilagarcia.org\/es\/wp-json\/wp\/v2\/product_tag?post=7639"}],"curies":[{"name":"wp","href":"https:\/\/api.w.org\/{rel}","templated":true}]}}