{"id":7561,"date":"2024-06-16T13:44:39","date_gmt":"2024-06-16T11:44:39","guid":{"rendered":"https:\/\/protectoravilagarcia.org\/peludo\/sole-paticas\/"},"modified":"2024-06-16T13:44:39","modified_gmt":"2024-06-16T11:44:39","slug":"sole-paticas","status":"publish","type":"product","link":"https:\/\/protectoravilagarcia.org\/es\/peludo\/sole-paticas\/","title":{"rendered":"Sole Paticas"},"content":{"rendered":"<p>Hola!!! Soy Paticas, una perrita joven det ama\u00f1o peque\u00f1o. Alegre, simpatica, me llevo bien con el resto de compis peludos y soy extremadamente cari\u00f1osa con la gente, siempre estoy saltando y brincando alrrededor de las voluntarias pidiento mimos y caricias.<\/p>\n<p>Si est\u00e1s interesada\/o en adoptarme llama al 986160110, manda un mail (info@protectoravilagarcia.org), contacta por Facebook (https:\/\/www. facebook. com\/protectoravilagarcia) o por instagram<\/p>\n","protected":false},"excerpt":{"rendered":"<p>Hola!!! Soy Paticas, una perrita joven det ama\u00f1o peque\u00f1o. Alegre, simpatica, me llevo bien con el resto de compis peludos y soy extremadamente cari\u00f1osa con la gente, siempre estoy saltando y brincando alrrededor de las voluntarias pidiento mimos y caricias. Si est\u00e1s interesada\/o en adoptarme llama al 986160110, manda un mail (info@protectoravilagarcia.org), contacta por Facebook [&hellip;]<\/p>\n","protected":false},"featured_media":7558,"template":"","meta":[],"product_brand":[],"product_cat":[46],"product_tag":[],"class_list":{"0":"post-7561","1":"product","2":"type-product","3":"status-publish","4":"has-post-thumbnail","6":"product_cat-adoptados","7":"pa_especie-perro","8":"pa_raza-mestiza","9":"pa_sexo-hembra","10":"pa_tamano-pequeno","12":"first","13":"instock","14":"shipping-taxable","15":"product-type-simple"},"_links":{"self":[{"href":"https:\/\/protectoravilagarcia.org\/es\/wp-json\/wp\/v2\/product\/7561","targetHints":{"allow":["GET"]}}],"collection":[{"href":"https:\/\/protectoravilagarcia.org\/es\/wp-json\/wp\/v2\/product"}],"about":[{"href":"https:\/\/protectoravilagarcia.org\/es\/wp-json\/wp\/v2\/types\/product"}],"wp:featuredmedia":[{"embeddable":true,"href":"https:\/\/protectoravilagarcia.org\/es\/wp-json\/wp\/v2\/media\/7558"}],"wp:attachment":[{"href":"https:\/\/protectoravilagarcia.org\/es\/wp-json\/wp\/v2\/media?parent=7561"}],"wp:term":[{"taxonomy":"product_brand","embeddable":true,"href":"https:\/\/protectoravilagarcia.org\/es\/wp-json\/wp\/v2\/product_brand?post=7561"},{"taxonomy":"product_cat","embeddable":true,"href":"https:\/\/protectoravilagarcia.org\/es\/wp-json\/wp\/v2\/product_cat?post=7561"},{"taxonomy":"product_tag","embeddable":true,"href":"https:\/\/protectoravilagarcia.org\/es\/wp-json\/wp\/v2\/product_tag?post=7561"}],"curies":[{"name":"wp","href":"https:\/\/api.w.org\/{rel}","templated":true}]}}