{"id":7536,"date":"2024-06-05T17:08:11","date_gmt":"2024-06-05T15:08:11","guid":{"rendered":"https:\/\/protectoravilagarcia.org\/peludo\/sheep\/"},"modified":"2024-06-05T17:19:40","modified_gmt":"2024-06-05T15:19:40","slug":"sheep","status":"publish","type":"product","link":"https:\/\/protectoravilagarcia.org\/es\/peludo\/sheep\/","title":{"rendered":"Sheep"},"content":{"rendered":"<p>Hola!!! Soy Sheep, un perrito adorable de tama\u00f1o peque\u00f1o muy bueni\u00f1o, cari\u00f1oso y alegre. Me encanta estar con la gente. Las voluntarias me llevan a las charlas en los colegios porque me porto genial, voy muy bien con la correa y me encanta ir con ellas a ense\u00f1arle a los ni\u00f1os las responsabilidades que conlleva tener un animal. No me gustan los compis machos, por el contrario con las hembras me llevo de maravilla y no tengo problemas.<\/p>\n<p>Si est\u00e1s interesada\/o en adoptarme llama al 986160110, manda un mail (info@protectoravilagarcia.org), contacta por Facebook (https:\/\/www. facebook. com\/protectoravilagarcia) o por instagram<\/p>\n","protected":false},"excerpt":{"rendered":"<p>Hola!!! Soy Sheep, un perrito adorable de tama\u00f1o peque\u00f1o muy bueni\u00f1o, cari\u00f1oso y alegre. Me encanta estar con la gente. Las voluntarias me llevan a las charlas en los colegios porque me porto genial, voy muy bien con la correa y me encanta ir con ellas a ense\u00f1arle a los ni\u00f1os las responsabilidades que conlleva [&hellip;]<\/p>\n","protected":false},"featured_media":7531,"template":"","meta":[],"product_brand":[],"product_cat":[46],"product_tag":[],"class_list":{"0":"post-7536","1":"product","2":"type-product","3":"status-publish","4":"has-post-thumbnail","6":"product_cat-adoptados","7":"pa_especie-perro","8":"pa_raza-mestiza","9":"pa_sexo-macho","10":"pa_tamano-pequeno","12":"first","13":"instock","14":"shipping-taxable","15":"product-type-simple"},"_links":{"self":[{"href":"https:\/\/protectoravilagarcia.org\/es\/wp-json\/wp\/v2\/product\/7536","targetHints":{"allow":["GET"]}}],"collection":[{"href":"https:\/\/protectoravilagarcia.org\/es\/wp-json\/wp\/v2\/product"}],"about":[{"href":"https:\/\/protectoravilagarcia.org\/es\/wp-json\/wp\/v2\/types\/product"}],"wp:featuredmedia":[{"embeddable":true,"href":"https:\/\/protectoravilagarcia.org\/es\/wp-json\/wp\/v2\/media\/7531"}],"wp:attachment":[{"href":"https:\/\/protectoravilagarcia.org\/es\/wp-json\/wp\/v2\/media?parent=7536"}],"wp:term":[{"taxonomy":"product_brand","embeddable":true,"href":"https:\/\/protectoravilagarcia.org\/es\/wp-json\/wp\/v2\/product_brand?post=7536"},{"taxonomy":"product_cat","embeddable":true,"href":"https:\/\/protectoravilagarcia.org\/es\/wp-json\/wp\/v2\/product_cat?post=7536"},{"taxonomy":"product_tag","embeddable":true,"href":"https:\/\/protectoravilagarcia.org\/es\/wp-json\/wp\/v2\/product_tag?post=7536"}],"curies":[{"name":"wp","href":"https:\/\/api.w.org\/{rel}","templated":true}]}}