{"id":7519,"date":"2024-06-04T18:14:28","date_gmt":"2024-06-04T16:14:28","guid":{"rendered":"https:\/\/protectoravilagarcia.org\/peludo\/cis\/"},"modified":"2024-06-04T18:14:28","modified_gmt":"2024-06-04T16:14:28","slug":"cis","status":"publish","type":"product","link":"https:\/\/protectoravilagarcia.org\/es\/peludo\/cis\/","title":{"rendered":"Cis"},"content":{"rendered":"<p>Hola!! Me llamo Cis, soy una gatita j\u00f3ven, un poco t\u00edmida. En las \u00fatimas semanas mejor\u00e9 mucho, acepto y busco las caricias y en unos minutos con chuches y caricias ya estoy ronroneando. Al principio ser\u00e9 un poco t\u00edmida y miedosa pero con un poco de paciencia y tiempo seguro que me relajo y adapto. Si quieres ser mi familia llama al 986160110, manda un mail (info@protectoravilagarcia.org), contacta por Facebook (https:\/\/www. facebook. com\/protectoravilagarcia) o por instagram.<\/p>\n","protected":false},"excerpt":{"rendered":"<p>Hola!! Me llamo Cis, soy una gatita j\u00f3ven, un poco t\u00edmida. En las \u00fatimas semanas mejor\u00e9 mucho, acepto y busco las caricias y en unos minutos con chuches y caricias ya estoy ronroneando. Al principio ser\u00e9 un poco t\u00edmida y miedosa pero con un poco de paciencia y tiempo seguro que me relajo y adapto. [&hellip;]<\/p>\n","protected":false},"featured_media":7518,"template":"","meta":[],"product_brand":[],"product_cat":[9],"product_tag":[],"class_list":{"0":"post-7519","1":"product","2":"type-product","3":"status-publish","4":"has-post-thumbnail","6":"product_cat-en-adopcion","7":"pa_especie-gato","8":"pa_raza-europeo-comun","9":"pa_sexo-hembra","11":"first","12":"instock","13":"shipping-taxable","14":"product-type-simple"},"_links":{"self":[{"href":"https:\/\/protectoravilagarcia.org\/es\/wp-json\/wp\/v2\/product\/7519","targetHints":{"allow":["GET"]}}],"collection":[{"href":"https:\/\/protectoravilagarcia.org\/es\/wp-json\/wp\/v2\/product"}],"about":[{"href":"https:\/\/protectoravilagarcia.org\/es\/wp-json\/wp\/v2\/types\/product"}],"wp:featuredmedia":[{"embeddable":true,"href":"https:\/\/protectoravilagarcia.org\/es\/wp-json\/wp\/v2\/media\/7518"}],"wp:attachment":[{"href":"https:\/\/protectoravilagarcia.org\/es\/wp-json\/wp\/v2\/media?parent=7519"}],"wp:term":[{"taxonomy":"product_brand","embeddable":true,"href":"https:\/\/protectoravilagarcia.org\/es\/wp-json\/wp\/v2\/product_brand?post=7519"},{"taxonomy":"product_cat","embeddable":true,"href":"https:\/\/protectoravilagarcia.org\/es\/wp-json\/wp\/v2\/product_cat?post=7519"},{"taxonomy":"product_tag","embeddable":true,"href":"https:\/\/protectoravilagarcia.org\/es\/wp-json\/wp\/v2\/product_tag?post=7519"}],"curies":[{"name":"wp","href":"https:\/\/api.w.org\/{rel}","templated":true}]}}