{"id":7497,"date":"2024-05-23T17:59:38","date_gmt":"2024-05-23T15:59:38","guid":{"rendered":"https:\/\/protectoravilagarcia.org\/peludo\/mari-robin\/"},"modified":"2024-05-23T17:59:38","modified_gmt":"2024-05-23T15:59:38","slug":"mari-robin","status":"publish","type":"product","link":"https:\/\/protectoravilagarcia.org\/es\/peludo\/mari-robin\/","title":{"rendered":"Mari Robin"},"content":{"rendered":"<p>Hola!! Soy Mari Robin, un amor de perrita de tama\u00f1o peque\u00f1o. Soy extremadamente cari\u00f1osa, me encanta estar con la gente y me llevo muy muy bien con el resto de los peludos. Soy muy buena, tranquila, sociable. Cando llegue a la protectora tenia la piel fatal pero me cuidaron y me curaron y ahora estoy estupenda e hermosisima.. Soy la perrita perfecta para cualquier familia.<\/p>\n<p>Si est\u00e1s interesada\/o en adoptarme llama al 986160110, manda un mail (info@protectoravilagarcia.org), contacta por Facebook (https:\/\/www. facebook. com\/protectoravilagarcia) o por instagram.<\/p>\n","protected":false},"excerpt":{"rendered":"<p>Hola!! Soy Mari Robin, un amor de perrita de tama\u00f1o peque\u00f1o. Soy extremadamente cari\u00f1osa, me encanta estar con la gente y me llevo muy muy bien con el resto de los peludos. Soy muy buena, tranquila, sociable. Cando llegue a la protectora tenia la piel fatal pero me cuidaron y me curaron y ahora estoy [&hellip;]<\/p>\n","protected":false},"featured_media":7496,"template":"","meta":[],"product_brand":[],"product_cat":[46],"product_tag":[],"class_list":{"0":"post-7497","1":"product","2":"type-product","3":"status-publish","4":"has-post-thumbnail","6":"product_cat-adoptados","7":"pa_especie-perro","8":"pa_raza-mestiza","9":"pa_sexo-hembra","10":"pa_tamano-pequeno","12":"first","13":"instock","14":"shipping-taxable","15":"product-type-simple"},"_links":{"self":[{"href":"https:\/\/protectoravilagarcia.org\/es\/wp-json\/wp\/v2\/product\/7497","targetHints":{"allow":["GET"]}}],"collection":[{"href":"https:\/\/protectoravilagarcia.org\/es\/wp-json\/wp\/v2\/product"}],"about":[{"href":"https:\/\/protectoravilagarcia.org\/es\/wp-json\/wp\/v2\/types\/product"}],"wp:featuredmedia":[{"embeddable":true,"href":"https:\/\/protectoravilagarcia.org\/es\/wp-json\/wp\/v2\/media\/7496"}],"wp:attachment":[{"href":"https:\/\/protectoravilagarcia.org\/es\/wp-json\/wp\/v2\/media?parent=7497"}],"wp:term":[{"taxonomy":"product_brand","embeddable":true,"href":"https:\/\/protectoravilagarcia.org\/es\/wp-json\/wp\/v2\/product_brand?post=7497"},{"taxonomy":"product_cat","embeddable":true,"href":"https:\/\/protectoravilagarcia.org\/es\/wp-json\/wp\/v2\/product_cat?post=7497"},{"taxonomy":"product_tag","embeddable":true,"href":"https:\/\/protectoravilagarcia.org\/es\/wp-json\/wp\/v2\/product_tag?post=7497"}],"curies":[{"name":"wp","href":"https:\/\/api.w.org\/{rel}","templated":true}]}}