{"id":7386,"date":"2023-09-17T14:00:18","date_gmt":"2023-09-17T12:00:18","guid":{"rendered":"https:\/\/protectoravilagarcia.org\/peludo\/mimi\/"},"modified":"2023-09-17T14:00:18","modified_gmt":"2023-09-17T12:00:18","slug":"mimi","status":"publish","type":"product","link":"https:\/\/protectoravilagarcia.org\/es\/peludo\/mimi\/","title":{"rendered":"Mimi"},"content":{"rendered":"<p>Hola Soy Mimi, una galga guap\u00edsima pero un tanto terca. Paseo muy ben, soy muy buena y cari\u00f1osa pero soy un pouco terca y tozuda, necesitar\u00eda unas normas bien definidas. Soy totalmente incompatible con gatos, conejos o cualquier animal que parezca una presa. Pero si que me llevo muy bien con mis compa\u00f1eros peludos.<\/p>\n<p>Si est\u00e1s interesada\/o en adoptarme llama al 986160110, manda un mail (info@protectoravilagarcia.org), contacta por Facebook (https:\/\/www. facebook. com\/protectoravilagarcia) o por instagram.<\/p>\n","protected":false},"excerpt":{"rendered":"<p>Hola Soy Mimi, una galga guap\u00edsima pero un tanto terca. Paseo muy ben, soy muy buena y cari\u00f1osa pero soy un pouco terca y tozuda, necesitar\u00eda unas normas bien definidas. Soy totalmente incompatible con gatos, conejos o cualquier animal que parezca una presa. Pero si que me llevo muy bien con mis compa\u00f1eros peludos. Si [&hellip;]<\/p>\n","protected":false},"featured_media":7395,"template":"","meta":[],"product_brand":[],"product_cat":[46],"product_tag":[],"class_list":{"0":"post-7386","1":"product","2":"type-product","3":"status-publish","4":"has-post-thumbnail","6":"product_cat-adoptados","7":"pa_especie-perro","8":"pa_raza-galgo-es","10":"first","11":"instock","12":"shipping-taxable","13":"product-type-simple"},"_links":{"self":[{"href":"https:\/\/protectoravilagarcia.org\/es\/wp-json\/wp\/v2\/product\/7386","targetHints":{"allow":["GET"]}}],"collection":[{"href":"https:\/\/protectoravilagarcia.org\/es\/wp-json\/wp\/v2\/product"}],"about":[{"href":"https:\/\/protectoravilagarcia.org\/es\/wp-json\/wp\/v2\/types\/product"}],"wp:featuredmedia":[{"embeddable":true,"href":"https:\/\/protectoravilagarcia.org\/es\/wp-json\/wp\/v2\/media\/7395"}],"wp:attachment":[{"href":"https:\/\/protectoravilagarcia.org\/es\/wp-json\/wp\/v2\/media?parent=7386"}],"wp:term":[{"taxonomy":"product_brand","embeddable":true,"href":"https:\/\/protectoravilagarcia.org\/es\/wp-json\/wp\/v2\/product_brand?post=7386"},{"taxonomy":"product_cat","embeddable":true,"href":"https:\/\/protectoravilagarcia.org\/es\/wp-json\/wp\/v2\/product_cat?post=7386"},{"taxonomy":"product_tag","embeddable":true,"href":"https:\/\/protectoravilagarcia.org\/es\/wp-json\/wp\/v2\/product_tag?post=7386"}],"curies":[{"name":"wp","href":"https:\/\/api.w.org\/{rel}","templated":true}]}}