{"id":6321,"date":"2023-03-14T13:15:42","date_gmt":"2023-03-14T12:15:42","guid":{"rendered":"https:\/\/protectoravilagarcia.org\/?post_type=product&#038;p=6321"},"modified":"2023-03-14T13:15:43","modified_gmt":"2023-03-14T12:15:43","slug":"tigri","status":"publish","type":"product","link":"https:\/\/protectoravilagarcia.org\/es\/peludo\/tigri\/","title":{"rendered":"Tigri"},"content":{"rendered":"<p>Hola! Soy Tigri, una perrita un poco t\u00edmida al principio pero resulta que soy un peque\u00f1o terremoto. Soy bastante activa y cari\u00f1osa. Me llevo bien con mis compa\u00f1eros peludos. Tengo alma de cachorrona.<\/p>\n<p>Si est\u00e1s interesada\/o en adoptarme \u00a0llama al 986160110, manda un mail (info@protectoravilagarcia.org), contacta por Facebook (https:\/\/www. facebook. com\/protectoravilagarcia) o por instagram.<\/p>\n","protected":false},"excerpt":{"rendered":"<p>Hola! Soy Tigri, una perrita un poco t\u00edmida al principio pero resulta que soy un peque\u00f1o terremoto. Soy bastante activa y cari\u00f1osa. Me llevo bien con mis compa\u00f1eros peludos. Tengo alma de cachorrona. Si est\u00e1s interesada\/o en adoptarme \u00a0llama al 986160110, manda un mail (info@protectoravilagarcia.org), contacta por Facebook (https:\/\/www. facebook. com\/protectoravilagarcia) o por instagram.<\/p>\n","protected":false},"featured_media":6322,"template":"","meta":[],"product_brand":[],"product_cat":[46],"product_tag":[],"class_list":{"0":"post-6321","1":"product","2":"type-product","3":"status-publish","4":"has-post-thumbnail","6":"product_cat-adoptados","7":"pa_especie-perro","8":"pa_raza-mestiza","9":"pa_sexo-hembra","10":"pa_tamano-mediano","12":"first","13":"instock","14":"shipping-taxable","15":"product-type-simple"},"_links":{"self":[{"href":"https:\/\/protectoravilagarcia.org\/es\/wp-json\/wp\/v2\/product\/6321","targetHints":{"allow":["GET"]}}],"collection":[{"href":"https:\/\/protectoravilagarcia.org\/es\/wp-json\/wp\/v2\/product"}],"about":[{"href":"https:\/\/protectoravilagarcia.org\/es\/wp-json\/wp\/v2\/types\/product"}],"wp:featuredmedia":[{"embeddable":true,"href":"https:\/\/protectoravilagarcia.org\/es\/wp-json\/wp\/v2\/media\/6322"}],"wp:attachment":[{"href":"https:\/\/protectoravilagarcia.org\/es\/wp-json\/wp\/v2\/media?parent=6321"}],"wp:term":[{"taxonomy":"product_brand","embeddable":true,"href":"https:\/\/protectoravilagarcia.org\/es\/wp-json\/wp\/v2\/product_brand?post=6321"},{"taxonomy":"product_cat","embeddable":true,"href":"https:\/\/protectoravilagarcia.org\/es\/wp-json\/wp\/v2\/product_cat?post=6321"},{"taxonomy":"product_tag","embeddable":true,"href":"https:\/\/protectoravilagarcia.org\/es\/wp-json\/wp\/v2\/product_tag?post=6321"}],"curies":[{"name":"wp","href":"https:\/\/api.w.org\/{rel}","templated":true}]}}