{"id":6296,"date":"2023-03-14T12:39:33","date_gmt":"2023-03-14T11:39:33","guid":{"rendered":"https:\/\/protectoravilagarcia.org\/?post_type=product&#038;p=6296"},"modified":"2023-04-10T10:51:58","modified_gmt":"2023-04-10T08:51:58","slug":"croma","status":"publish","type":"product","link":"https:\/\/protectoravilagarcia.org\/es\/peludo\/croma\/","title":{"rendered":"Croma"},"content":{"rendered":"<p>Hola! Soy Croma, soy una perrita muy cari\u00f1osa. Me gusta mucho la gente y soy muy mimosa. Con mis compa\u00f1eros peludos no es que me lleve mal pero soy un poco dominante y posesiva cuando hay comida de por medio, por eso en la prote vivo sola pero me encantar\u00eda tener una familia en la que me quieran mucho y poder estar as\u00ed m\u00e1s equilibrada.<\/p>\n<p>Si est\u00e1s interesada\/o en adoptarme \u00a0llama al 986160110, manda un mail (info@protectoravilagarcia.org), contacta por Facebook (https:\/\/www. facebook. com\/protectoravilagarcia) o por instagram.<\/p>\n","protected":false},"excerpt":{"rendered":"<p>Hola! Soy Croma, soy una perrita muy cari\u00f1osa. Me gusta mucho la gente y soy muy mimosa. Con mis compa\u00f1eros peludos no es que me lleve mal pero soy un poco dominante y posesiva cuando hay comida de por medio, por eso en la prote vivo sola pero me encantar\u00eda tener una familia en la [&hellip;]<\/p>\n","protected":false},"featured_media":6297,"template":"","meta":[],"product_brand":[],"product_cat":[9],"product_tag":[],"class_list":{"0":"post-6296","1":"product","2":"type-product","3":"status-publish","4":"has-post-thumbnail","6":"product_cat-en-adopcion","7":"pa_especie-perro","8":"pa_raza-mestizo-american-starfordshire","9":"pa_sexo-hembra","10":"pa_tamano-mediano","12":"first","13":"instock","14":"shipping-taxable","15":"product-type-simple"},"_links":{"self":[{"href":"https:\/\/protectoravilagarcia.org\/es\/wp-json\/wp\/v2\/product\/6296","targetHints":{"allow":["GET"]}}],"collection":[{"href":"https:\/\/protectoravilagarcia.org\/es\/wp-json\/wp\/v2\/product"}],"about":[{"href":"https:\/\/protectoravilagarcia.org\/es\/wp-json\/wp\/v2\/types\/product"}],"wp:featuredmedia":[{"embeddable":true,"href":"https:\/\/protectoravilagarcia.org\/es\/wp-json\/wp\/v2\/media\/6297"}],"wp:attachment":[{"href":"https:\/\/protectoravilagarcia.org\/es\/wp-json\/wp\/v2\/media?parent=6296"}],"wp:term":[{"taxonomy":"product_brand","embeddable":true,"href":"https:\/\/protectoravilagarcia.org\/es\/wp-json\/wp\/v2\/product_brand?post=6296"},{"taxonomy":"product_cat","embeddable":true,"href":"https:\/\/protectoravilagarcia.org\/es\/wp-json\/wp\/v2\/product_cat?post=6296"},{"taxonomy":"product_tag","embeddable":true,"href":"https:\/\/protectoravilagarcia.org\/es\/wp-json\/wp\/v2\/product_tag?post=6296"}],"curies":[{"name":"wp","href":"https:\/\/api.w.org\/{rel}","templated":true}]}}