{"id":6289,"date":"2023-03-14T12:32:26","date_gmt":"2023-03-14T11:32:26","guid":{"rendered":"https:\/\/protectoravilagarcia.org\/?post_type=product&#038;p=6289"},"modified":"2025-03-21T10:24:15","modified_gmt":"2025-03-21T09:24:15","slug":"parhes","status":"publish","type":"product","link":"https:\/\/protectoravilagarcia.org\/es\/peludo\/parhes\/","title":{"rendered":"Parches"},"content":{"rendered":"<p>Hola! Soy Parches, un perrito muy guapo. Soy muy cari\u00f1oso y por eso lo estoy pasando un poco mal en la prote, estoy un poquito agobiado. Paseo super bien as\u00ed que seguro que ser\u00eda un compa\u00f1ero ideal para cualquier familia. Aunque es mejor que sea perro \u00fanico porque con los otros compa\u00f1eros peludos me llevo un poco regular.<\/p>\n<p>Si est\u00e1s interesada\/o en adoptarme \u00a0llama al 986160110, manda un mail (info@protectoravilagarcia.org), contacta por Facebook (https:\/\/www. facebook. com\/protectoravilagarcia) o por instagram.<\/p>\n","protected":false},"excerpt":{"rendered":"<p>Hola! Soy Parches, un perrito muy guapo. Soy muy cari\u00f1oso y por eso lo estoy pasando un poco mal en la prote, estoy un poquito agobiado. Paseo super bien as\u00ed que seguro que ser\u00eda un compa\u00f1ero ideal para cualquier familia. Aunque es mejor que sea perro \u00fanico porque con los otros compa\u00f1eros peludos me llevo [&hellip;]<\/p>\n","protected":false},"featured_media":6290,"template":"","meta":[],"product_brand":[],"product_cat":[9],"product_tag":[],"class_list":{"0":"post-6289","1":"product","2":"type-product","3":"status-publish","4":"has-post-thumbnail","6":"product_cat-en-adopcion","7":"pa_especie-perro","8":"pa_raza-mestizo-pitbull","9":"pa_sexo-macho","10":"pa_tamano-mediano","12":"first","13":"instock","14":"shipping-taxable","15":"product-type-simple"},"_links":{"self":[{"href":"https:\/\/protectoravilagarcia.org\/es\/wp-json\/wp\/v2\/product\/6289","targetHints":{"allow":["GET"]}}],"collection":[{"href":"https:\/\/protectoravilagarcia.org\/es\/wp-json\/wp\/v2\/product"}],"about":[{"href":"https:\/\/protectoravilagarcia.org\/es\/wp-json\/wp\/v2\/types\/product"}],"wp:featuredmedia":[{"embeddable":true,"href":"https:\/\/protectoravilagarcia.org\/es\/wp-json\/wp\/v2\/media\/6290"}],"wp:attachment":[{"href":"https:\/\/protectoravilagarcia.org\/es\/wp-json\/wp\/v2\/media?parent=6289"}],"wp:term":[{"taxonomy":"product_brand","embeddable":true,"href":"https:\/\/protectoravilagarcia.org\/es\/wp-json\/wp\/v2\/product_brand?post=6289"},{"taxonomy":"product_cat","embeddable":true,"href":"https:\/\/protectoravilagarcia.org\/es\/wp-json\/wp\/v2\/product_cat?post=6289"},{"taxonomy":"product_tag","embeddable":true,"href":"https:\/\/protectoravilagarcia.org\/es\/wp-json\/wp\/v2\/product_tag?post=6289"}],"curies":[{"name":"wp","href":"https:\/\/api.w.org\/{rel}","templated":true}]}}