{"id":6279,"date":"2023-03-14T12:14:10","date_gmt":"2023-03-14T11:14:10","guid":{"rendered":"https:\/\/protectoravilagarcia.org\/?post_type=product&#038;p=6279"},"modified":"2023-03-14T12:14:34","modified_gmt":"2023-03-14T11:14:34","slug":"cigarron","status":"publish","type":"product","link":"https:\/\/protectoravilagarcia.org\/es\/peludo\/cigarron\/","title":{"rendered":"Cigarr\u00f3n"},"content":{"rendered":"<p>\u00a1\u00a1\u00a1\u00a1Hola!!!! Soy Cigarr\u00f3n, en la prote dicen que soy un perrito adorable, guapo, muy bueno, cari\u00f1oso, que me gusta mucho estar con otros perritos y jugar con ellos. Soy un perro joven y activo. Me encantar\u00eda tener una familia con quien jugar, pasear, dar muchos besos y amor <span class=\"x3nfvp2 x1j61x8r x1fcty0u xdj266r xhhsvwb xat24cr xgzva0m xxymvpz xlup9mm x1kky2od\"><img loading=\"lazy\" decoding=\"async\" src=\"https:\/\/static.xx.fbcdn.net\/images\/emoji.php\/v9\/t89\/2\/16\/1f970.png\" alt=\"\ud83e\udd70\" width=\"16\" height=\"16\" \/><\/span><\/p>\n<p>Si est\u00e1s interesada\/o en adoptarme \u00a0llama al 986160110, manda un mail (info@protectoravilagarcia.org), contacta por Facebook (https:\/\/www. facebook. com\/protectoravilagarcia) o por instagram.<\/p>\n","protected":false},"excerpt":{"rendered":"<p>\u00a1\u00a1\u00a1\u00a1Hola!!!! Soy Cigarr\u00f3n, en la prote dicen que soy un perrito adorable, guapo, muy bueno, cari\u00f1oso, que me gusta mucho estar con otros perritos y jugar con ellos. Soy un perro joven y activo. Me encantar\u00eda tener una familia con quien jugar, pasear, dar muchos besos y amor Si est\u00e1s interesada\/o en adoptarme \u00a0llama al [&hellip;]<\/p>\n","protected":false},"featured_media":6280,"template":"","meta":[],"product_brand":[],"product_cat":[46],"product_tag":[],"class_list":{"0":"post-6279","1":"product","2":"type-product","3":"status-publish","4":"has-post-thumbnail","6":"product_cat-adoptados","7":"pa_especie-perro","8":"pa_raza-mestiza","9":"pa_sexo-macho","10":"pa_tamano-mediano","12":"first","13":"instock","14":"shipping-taxable","15":"product-type-simple"},"_links":{"self":[{"href":"https:\/\/protectoravilagarcia.org\/es\/wp-json\/wp\/v2\/product\/6279","targetHints":{"allow":["GET"]}}],"collection":[{"href":"https:\/\/protectoravilagarcia.org\/es\/wp-json\/wp\/v2\/product"}],"about":[{"href":"https:\/\/protectoravilagarcia.org\/es\/wp-json\/wp\/v2\/types\/product"}],"wp:featuredmedia":[{"embeddable":true,"href":"https:\/\/protectoravilagarcia.org\/es\/wp-json\/wp\/v2\/media\/6280"}],"wp:attachment":[{"href":"https:\/\/protectoravilagarcia.org\/es\/wp-json\/wp\/v2\/media?parent=6279"}],"wp:term":[{"taxonomy":"product_brand","embeddable":true,"href":"https:\/\/protectoravilagarcia.org\/es\/wp-json\/wp\/v2\/product_brand?post=6279"},{"taxonomy":"product_cat","embeddable":true,"href":"https:\/\/protectoravilagarcia.org\/es\/wp-json\/wp\/v2\/product_cat?post=6279"},{"taxonomy":"product_tag","embeddable":true,"href":"https:\/\/protectoravilagarcia.org\/es\/wp-json\/wp\/v2\/product_tag?post=6279"}],"curies":[{"name":"wp","href":"https:\/\/api.w.org\/{rel}","templated":true}]}}