{"id":6276,"date":"2023-03-14T12:05:11","date_gmt":"2023-03-14T11:05:11","guid":{"rendered":"https:\/\/protectoravilagarcia.org\/?post_type=product&#038;p=6276"},"modified":"2024-11-16T19:05:14","modified_gmt":"2024-11-16T18:05:14","slug":"percha","status":"publish","type":"product","link":"https:\/\/protectoravilagarcia.org\/es\/peludo\/percha\/","title":{"rendered":"Percha"},"content":{"rendered":"<p>Hola! Soy Percha, una perrita de lo m\u00e1s adorable. Soy extremadamente cari\u00f1osa y buena. Me gustan mis colegas peludos pero sobre todo la gente. Me encantar\u00eda poder encontrar una familia en la que me quieran para siempre y me den todos los mimitos que tanto me gustan.<\/p>\n<p>Si est\u00e1s interesada\/o en adoptarme \u00a0llama al 986160110, manda un mail (info@protectoravilagarcia.org), contacta por Facebook (https:\/\/www. facebook. com\/protectoravilagarcia) o por instagram.<\/p>\n","protected":false},"excerpt":{"rendered":"<p>Hola! Soy Percha, una perrita de lo m\u00e1s adorable. Soy extremadamente cari\u00f1osa y buena. Me gustan mis colegas peludos pero sobre todo la gente. Me encantar\u00eda poder encontrar una familia en la que me quieran para siempre y me den todos los mimitos que tanto me gustan. Si est\u00e1s interesada\/o en adoptarme \u00a0llama al 986160110, [&hellip;]<\/p>\n","protected":false},"featured_media":6277,"template":"","meta":[],"product_brand":[],"product_cat":[46],"product_tag":[],"class_list":{"0":"post-6276","1":"product","2":"type-product","3":"status-publish","4":"has-post-thumbnail","6":"product_cat-adoptados","7":"pa_especie-perro","8":"pa_raza-podenco","9":"pa_sexo-hembra","10":"pa_tamano-pequeno","12":"first","13":"instock","14":"shipping-taxable","15":"product-type-simple"},"_links":{"self":[{"href":"https:\/\/protectoravilagarcia.org\/es\/wp-json\/wp\/v2\/product\/6276","targetHints":{"allow":["GET"]}}],"collection":[{"href":"https:\/\/protectoravilagarcia.org\/es\/wp-json\/wp\/v2\/product"}],"about":[{"href":"https:\/\/protectoravilagarcia.org\/es\/wp-json\/wp\/v2\/types\/product"}],"wp:featuredmedia":[{"embeddable":true,"href":"https:\/\/protectoravilagarcia.org\/es\/wp-json\/wp\/v2\/media\/6277"}],"wp:attachment":[{"href":"https:\/\/protectoravilagarcia.org\/es\/wp-json\/wp\/v2\/media?parent=6276"}],"wp:term":[{"taxonomy":"product_brand","embeddable":true,"href":"https:\/\/protectoravilagarcia.org\/es\/wp-json\/wp\/v2\/product_brand?post=6276"},{"taxonomy":"product_cat","embeddable":true,"href":"https:\/\/protectoravilagarcia.org\/es\/wp-json\/wp\/v2\/product_cat?post=6276"},{"taxonomy":"product_tag","embeddable":true,"href":"https:\/\/protectoravilagarcia.org\/es\/wp-json\/wp\/v2\/product_tag?post=6276"}],"curies":[{"name":"wp","href":"https:\/\/api.w.org\/{rel}","templated":true}]}}