{"id":6257,"date":"2023-03-14T11:15:43","date_gmt":"2023-03-14T10:15:43","guid":{"rendered":"https:\/\/protectoravilagarcia.org\/?post_type=product&#038;p=6257"},"modified":"2023-03-14T11:15:43","modified_gmt":"2023-03-14T10:15:43","slug":"empanadilla","status":"publish","type":"product","link":"https:\/\/protectoravilagarcia.org\/es\/peludo\/empanadilla\/","title":{"rendered":"Empanadilla"},"content":{"rendered":"<div dir=\"auto\">\u00a1\u00a1Buenas!!! Yo soy Empanadilla, llegue a la prote hace poco tiempo pero las madrinas dicen que necesito mucho una familia con quien poder salir a pasear, hacer ejercicio, jugar, a la que llenar de amor y cari\u00f1o. Soy una perrita joven, buena, activa, cari\u00f1osa <span class=\"x3nfvp2 x1j61x8r x1fcty0u xdj266r xhhsvwb xat24cr xgzva0m xxymvpz xlup9mm x1kky2od\"><img loading=\"lazy\" decoding=\"async\" src=\"https:\/\/static.xx.fbcdn.net\/images\/emoji.php\/v9\/t1e\/2\/16\/1f60a.png\" alt=\"\ud83d\ude0a\" width=\"16\" height=\"16\" \/><\/span>.<\/div>\n<div dir=\"auto\">Si est\u00e1s interesada\/o en adoptarme \u00a0llama al 986160110, manda un mail (info@protectoravilagarcia.org), contacta por Facebook (https:\/\/www. facebook. com\/protectoravilagarcia) o por instagram.<\/div>\n","protected":false},"excerpt":{"rendered":"<p>\u00a1\u00a1Buenas!!! Yo soy Empanadilla, llegue a la prote hace poco tiempo pero las madrinas dicen que necesito mucho una familia con quien poder salir a pasear, hacer ejercicio, jugar, a la que llenar de amor y cari\u00f1o. Soy una perrita joven, buena, activa, cari\u00f1osa . Si est\u00e1s interesada\/o en adoptarme \u00a0llama al 986160110, manda un [&hellip;]<\/p>\n","protected":false},"featured_media":6258,"template":"","meta":[],"product_brand":[],"product_cat":[46],"product_tag":[],"class_list":{"0":"post-6257","1":"product","2":"type-product","3":"status-publish","4":"has-post-thumbnail","6":"product_cat-adoptados","7":"pa_especie-perro","8":"pa_raza-mestiza","9":"pa_sexo-hembra","10":"pa_tamano-mediano","12":"first","13":"instock","14":"shipping-taxable","15":"product-type-simple"},"_links":{"self":[{"href":"https:\/\/protectoravilagarcia.org\/es\/wp-json\/wp\/v2\/product\/6257","targetHints":{"allow":["GET"]}}],"collection":[{"href":"https:\/\/protectoravilagarcia.org\/es\/wp-json\/wp\/v2\/product"}],"about":[{"href":"https:\/\/protectoravilagarcia.org\/es\/wp-json\/wp\/v2\/types\/product"}],"wp:featuredmedia":[{"embeddable":true,"href":"https:\/\/protectoravilagarcia.org\/es\/wp-json\/wp\/v2\/media\/6258"}],"wp:attachment":[{"href":"https:\/\/protectoravilagarcia.org\/es\/wp-json\/wp\/v2\/media?parent=6257"}],"wp:term":[{"taxonomy":"product_brand","embeddable":true,"href":"https:\/\/protectoravilagarcia.org\/es\/wp-json\/wp\/v2\/product_brand?post=6257"},{"taxonomy":"product_cat","embeddable":true,"href":"https:\/\/protectoravilagarcia.org\/es\/wp-json\/wp\/v2\/product_cat?post=6257"},{"taxonomy":"product_tag","embeddable":true,"href":"https:\/\/protectoravilagarcia.org\/es\/wp-json\/wp\/v2\/product_tag?post=6257"}],"curies":[{"name":"wp","href":"https:\/\/api.w.org\/{rel}","templated":true}]}}