{"id":6254,"date":"2023-03-08T13:08:14","date_gmt":"2023-03-08T12:08:14","guid":{"rendered":"https:\/\/protectoravilagarcia.org\/?post_type=product&#038;p=6254"},"modified":"2023-03-14T11:53:10","modified_gmt":"2023-03-14T10:53:10","slug":"kurdo","status":"publish","type":"product","link":"https:\/\/protectoravilagarcia.org\/es\/peludo\/kurdo\/","title":{"rendered":"Kurdo"},"content":{"rendered":"<p>Hola, mi nombre es Kurdo, soy como un osete de peluche, enooorme y muy cari\u00f1oso, aunque no me llevo bien con mis compa\u00f1eros peldudos, as\u00ed que ser\u00eda mejor que fuese perro \u00fanico. Me encantar\u00eda tener, por fin, una familia con la que compartir el resto de mi vida.<\/p>\n<p>Si est\u00e1s interesada\/o en adoptarme \u00a0llama al 986160110, manda un mail (info@protectoravilagarcia.org), contacta por Facebook (https:\/\/www. facebook. com\/protectoravilagarcia) o por instagram.<\/p>\n","protected":false},"excerpt":{"rendered":"<p>Hola, mi nombre es Kurdo, soy como un osete de peluche, enooorme y muy cari\u00f1oso, aunque no me llevo bien con mis compa\u00f1eros peldudos, as\u00ed que ser\u00eda mejor que fuese perro \u00fanico. Me encantar\u00eda tener, por fin, una familia con la que compartir el resto de mi vida. Si est\u00e1s interesada\/o en adoptarme \u00a0llama al [&hellip;]<\/p>\n","protected":false},"featured_media":6255,"template":"","meta":[],"product_brand":[],"product_cat":[9],"product_tag":[],"class_list":{"0":"post-6254","1":"product","2":"type-product","3":"status-publish","4":"has-post-thumbnail","6":"product_cat-en-adopcion","7":"pa_especie-perro","8":"pa_raza-cruce-pastor-aleman","9":"pa_sexo-macho","10":"pa_tamano-grande","12":"first","13":"instock","14":"shipping-taxable","15":"product-type-simple"},"_links":{"self":[{"href":"https:\/\/protectoravilagarcia.org\/es\/wp-json\/wp\/v2\/product\/6254","targetHints":{"allow":["GET"]}}],"collection":[{"href":"https:\/\/protectoravilagarcia.org\/es\/wp-json\/wp\/v2\/product"}],"about":[{"href":"https:\/\/protectoravilagarcia.org\/es\/wp-json\/wp\/v2\/types\/product"}],"wp:featuredmedia":[{"embeddable":true,"href":"https:\/\/protectoravilagarcia.org\/es\/wp-json\/wp\/v2\/media\/6255"}],"wp:attachment":[{"href":"https:\/\/protectoravilagarcia.org\/es\/wp-json\/wp\/v2\/media?parent=6254"}],"wp:term":[{"taxonomy":"product_brand","embeddable":true,"href":"https:\/\/protectoravilagarcia.org\/es\/wp-json\/wp\/v2\/product_brand?post=6254"},{"taxonomy":"product_cat","embeddable":true,"href":"https:\/\/protectoravilagarcia.org\/es\/wp-json\/wp\/v2\/product_cat?post=6254"},{"taxonomy":"product_tag","embeddable":true,"href":"https:\/\/protectoravilagarcia.org\/es\/wp-json\/wp\/v2\/product_tag?post=6254"}],"curies":[{"name":"wp","href":"https:\/\/api.w.org\/{rel}","templated":true}]}}