{"id":6242,"date":"2023-03-08T12:33:20","date_gmt":"2023-03-08T11:33:20","guid":{"rendered":"https:\/\/protectoravilagarcia.org\/?post_type=product&#038;p=6242"},"modified":"2023-03-08T12:33:20","modified_gmt":"2023-03-08T11:33:20","slug":"valka","status":"publish","type":"product","link":"https:\/\/protectoravilagarcia.org\/es\/peludo\/valka\/","title":{"rendered":"Valka"},"content":{"rendered":"<p>Hola, mi nombre es Valka, soy una mastina espectacular. Muy activa y cari\u00f1osa. Me gusta mucho la gente y me llevo muy bien con el resto de mis compa\u00f1eros peludos. Me encantar\u00eda tener, por fin, una familia con la que compartir el resto de mi vida.<\/p>\n<p>Si est\u00e1s interesada\/o en adoptarme \u00a0llama al 986160110, manda un mail (info@protectoravilagarcia.org), contacta por Facebook (https:\/\/www. facebook. com\/protectoravilagarcia) o por instagram.<\/p>\n","protected":false},"excerpt":{"rendered":"<p>Hola, mi nombre es Valka, soy una mastina espectacular. Muy activa y cari\u00f1osa. Me gusta mucho la gente y me llevo muy bien con el resto de mis compa\u00f1eros peludos. Me encantar\u00eda tener, por fin, una familia con la que compartir el resto de mi vida. Si est\u00e1s interesada\/o en adoptarme \u00a0llama al 986160110, manda [&hellip;]<\/p>\n","protected":false},"featured_media":6245,"template":"","meta":[],"product_brand":[],"product_cat":[9],"product_tag":[],"class_list":{"0":"post-6242","1":"product","2":"type-product","3":"status-publish","4":"has-post-thumbnail","6":"product_cat-en-adopcion","7":"pa_especie-perro","8":"pa_raza-mastin","9":"pa_sexo-hembra","10":"pa_tamano-gigante","12":"first","13":"instock","14":"shipping-taxable","15":"product-type-simple"},"_links":{"self":[{"href":"https:\/\/protectoravilagarcia.org\/es\/wp-json\/wp\/v2\/product\/6242","targetHints":{"allow":["GET"]}}],"collection":[{"href":"https:\/\/protectoravilagarcia.org\/es\/wp-json\/wp\/v2\/product"}],"about":[{"href":"https:\/\/protectoravilagarcia.org\/es\/wp-json\/wp\/v2\/types\/product"}],"wp:featuredmedia":[{"embeddable":true,"href":"https:\/\/protectoravilagarcia.org\/es\/wp-json\/wp\/v2\/media\/6245"}],"wp:attachment":[{"href":"https:\/\/protectoravilagarcia.org\/es\/wp-json\/wp\/v2\/media?parent=6242"}],"wp:term":[{"taxonomy":"product_brand","embeddable":true,"href":"https:\/\/protectoravilagarcia.org\/es\/wp-json\/wp\/v2\/product_brand?post=6242"},{"taxonomy":"product_cat","embeddable":true,"href":"https:\/\/protectoravilagarcia.org\/es\/wp-json\/wp\/v2\/product_cat?post=6242"},{"taxonomy":"product_tag","embeddable":true,"href":"https:\/\/protectoravilagarcia.org\/es\/wp-json\/wp\/v2\/product_tag?post=6242"}],"curies":[{"name":"wp","href":"https:\/\/api.w.org\/{rel}","templated":true}]}}