{"id":4632,"date":"2022-12-04T18:58:21","date_gmt":"2022-12-04T17:58:21","guid":{"rendered":"https:\/\/protectoravilagarcia.org\/?post_type=product&#038;p=4632"},"modified":"2023-04-15T20:20:05","modified_gmt":"2023-04-15T18:20:05","slug":"clou","status":"publish","type":"product","link":"https:\/\/protectoravilagarcia.org\/es\/peludo\/clou\/","title":{"rendered":"Clou"},"content":{"rendered":"<p>Hola, mi nombre es Clou, soy un perrito joven, muy activo, bueno y cari\u00f1oso, me gusta mucho la gente y me llevo muy bien con el resto de mis compa\u00f1eros peludos. Me gusta mucho pasear y las voluntarias de la prote dicen que voy muy bien en los paseos. Me encantar\u00eda tener, por fin, una familia con la que compartir el resto de mi vida.<\/p>\n<p>Si est\u00e1s interesada\/o en adoptarme \u00a0llama al 986160110, manda un mail (info@protectoravilagarcia.org), contacta por Facebook (https:\/\/www. facebook. com\/protectoravilagarcia) o por instagram.<\/p>\n","protected":false},"excerpt":{"rendered":"<p>Hola, mi nombre es Clou, soy un perrito joven, muy activo, bueno y cari\u00f1oso, me gusta mucho la gente y me llevo muy bien con el resto de mis compa\u00f1eros peludos. Me gusta mucho pasear y las voluntarias de la prote dicen que voy muy bien en los paseos. Me encantar\u00eda tener, por fin, una [&hellip;]<\/p>\n","protected":false},"featured_media":6360,"template":"","meta":[],"product_brand":[],"product_cat":[46],"product_tag":[],"class_list":{"0":"post-4632","1":"product","2":"type-product","3":"status-publish","4":"has-post-thumbnail","6":"product_cat-adoptados","7":"pa_especie-perro","8":"pa_raza-mestiza","9":"pa_sexo-macho","10":"pa_tamano-mediano","12":"first","13":"instock","14":"shipping-taxable","15":"product-type-simple"},"_links":{"self":[{"href":"https:\/\/protectoravilagarcia.org\/es\/wp-json\/wp\/v2\/product\/4632","targetHints":{"allow":["GET"]}}],"collection":[{"href":"https:\/\/protectoravilagarcia.org\/es\/wp-json\/wp\/v2\/product"}],"about":[{"href":"https:\/\/protectoravilagarcia.org\/es\/wp-json\/wp\/v2\/types\/product"}],"wp:featuredmedia":[{"embeddable":true,"href":"https:\/\/protectoravilagarcia.org\/es\/wp-json\/wp\/v2\/media\/6360"}],"wp:attachment":[{"href":"https:\/\/protectoravilagarcia.org\/es\/wp-json\/wp\/v2\/media?parent=4632"}],"wp:term":[{"taxonomy":"product_brand","embeddable":true,"href":"https:\/\/protectoravilagarcia.org\/es\/wp-json\/wp\/v2\/product_brand?post=4632"},{"taxonomy":"product_cat","embeddable":true,"href":"https:\/\/protectoravilagarcia.org\/es\/wp-json\/wp\/v2\/product_cat?post=4632"},{"taxonomy":"product_tag","embeddable":true,"href":"https:\/\/protectoravilagarcia.org\/es\/wp-json\/wp\/v2\/product_tag?post=4632"}],"curies":[{"name":"wp","href":"https:\/\/api.w.org\/{rel}","templated":true}]}}