{"id":4629,"date":"2022-12-04T18:21:36","date_gmt":"2022-12-04T17:21:36","guid":{"rendered":"https:\/\/protectoravilagarcia.org\/?post_type=product&#038;p=4629"},"modified":"2024-05-20T20:03:06","modified_gmt":"2024-05-20T18:03:06","slug":"checa","status":"publish","type":"product","link":"https:\/\/protectoravilagarcia.org\/es\/peludo\/checa\/","title":{"rendered":"Checa"},"content":{"rendered":"<p>Hola!! Soy Checa, llegue a la protectora muy delgadita, ahora estoy as\u00ed de guapa. Soy muy buena y cari\u00f1osa y me gustar\u00eda conseguir una casita en la que me quieran mucho. Para adoptarme es necesario tener la licencia de perros PPP. No me gustan demasiado los otros perritos por lo que lo mejor seria que fuese perrita \u00fanica. Si est\u00e1s interesada\/o en adoptarme \u00a0llama al 986160110, manda un mail (info@protectoravilagarcia.org), contacta por Facebook (https:\/\/www. facebook. com\/protectoravilagarcia) o por instagram.<\/p>\n","protected":false},"excerpt":{"rendered":"<p>Hola!! Soy Checa, llegue a la protectora muy delgadita, ahora estoy as\u00ed de guapa. Soy muy buena y cari\u00f1osa y me gustar\u00eda conseguir una casita en la que me quieran mucho. Para adoptarme es necesario tener la licencia de perros PPP. No me gustan demasiado los otros perritos por lo que lo mejor seria que [&hellip;]<\/p>\n","protected":false},"featured_media":4630,"template":"","meta":[],"product_brand":[],"product_cat":[44],"product_tag":[],"class_list":{"0":"post-4629","1":"product","2":"type-product","3":"status-publish","4":"has-post-thumbnail","6":"product_cat-cielo-prote","7":"pa_especie-perro","8":"pa_raza-mestizo-american-starfordshire","9":"pa_sexo-hembra","10":"pa_tamano-mediano","12":"first","13":"instock","14":"shipping-taxable","15":"product-type-simple"},"_links":{"self":[{"href":"https:\/\/protectoravilagarcia.org\/es\/wp-json\/wp\/v2\/product\/4629","targetHints":{"allow":["GET"]}}],"collection":[{"href":"https:\/\/protectoravilagarcia.org\/es\/wp-json\/wp\/v2\/product"}],"about":[{"href":"https:\/\/protectoravilagarcia.org\/es\/wp-json\/wp\/v2\/types\/product"}],"wp:featuredmedia":[{"embeddable":true,"href":"https:\/\/protectoravilagarcia.org\/es\/wp-json\/wp\/v2\/media\/4630"}],"wp:attachment":[{"href":"https:\/\/protectoravilagarcia.org\/es\/wp-json\/wp\/v2\/media?parent=4629"}],"wp:term":[{"taxonomy":"product_brand","embeddable":true,"href":"https:\/\/protectoravilagarcia.org\/es\/wp-json\/wp\/v2\/product_brand?post=4629"},{"taxonomy":"product_cat","embeddable":true,"href":"https:\/\/protectoravilagarcia.org\/es\/wp-json\/wp\/v2\/product_cat?post=4629"},{"taxonomy":"product_tag","embeddable":true,"href":"https:\/\/protectoravilagarcia.org\/es\/wp-json\/wp\/v2\/product_tag?post=4629"}],"curies":[{"name":"wp","href":"https:\/\/api.w.org\/{rel}","templated":true}]}}