{"id":4614,"date":"2022-06-19T21:16:47","date_gmt":"2022-06-19T19:16:47","guid":{"rendered":"https:\/\/protectoravilagarcia.org\/?post_type=product&#038;p=4614"},"modified":"2023-04-16T21:29:46","modified_gmt":"2023-04-16T19:29:46","slug":"dolly","status":"publish","type":"product","link":"https:\/\/protectoravilagarcia.org\/es\/peludo\/dolly\/","title":{"rendered":"Dolly"},"content":{"rendered":"<p>Hola! Mi nombre es Dolly soy una gatita beb\u00e9 muy cari\u00f1osa y muy juguetona. Llegue a la prote con mis hermanitos el mismo d\u00eda de mi nacimiento.\u00a0 Todos mis hermanitos ya tienen un hogar y a mi tambi\u00e9n me gustar\u00eda encontrar una familia con la que compartir mi vida. Si quieres ser mi familia llama al 986160110 manda un email a info@protectoravilagarcia.org o un mensaje por redes sociales Facebook o Instagram<\/p>\n","protected":false},"excerpt":{"rendered":"<p>Hola! Mi nombre es Dolly soy una gatita beb\u00e9 muy cari\u00f1osa y muy juguetona. Llegue a la prote con mis hermanitos el mismo d\u00eda de mi nacimiento.\u00a0 Todos mis hermanitos ya tienen un hogar y a mi tambi\u00e9n me gustar\u00eda encontrar una familia con la que compartir mi vida. Si quieres ser mi familia llama [&hellip;]<\/p>\n","protected":false},"featured_media":6364,"template":"","meta":[],"product_brand":[],"product_cat":[46],"product_tag":[],"class_list":{"0":"post-4614","1":"product","2":"type-product","3":"status-publish","4":"has-post-thumbnail","6":"product_cat-adoptados","7":"pa_especie-gato","8":"pa_raza-europeo-comun","9":"pa_sexo-hembra","11":"first","12":"instock","13":"shipping-taxable","14":"product-type-simple"},"_links":{"self":[{"href":"https:\/\/protectoravilagarcia.org\/es\/wp-json\/wp\/v2\/product\/4614","targetHints":{"allow":["GET"]}}],"collection":[{"href":"https:\/\/protectoravilagarcia.org\/es\/wp-json\/wp\/v2\/product"}],"about":[{"href":"https:\/\/protectoravilagarcia.org\/es\/wp-json\/wp\/v2\/types\/product"}],"wp:featuredmedia":[{"embeddable":true,"href":"https:\/\/protectoravilagarcia.org\/es\/wp-json\/wp\/v2\/media\/6364"}],"wp:attachment":[{"href":"https:\/\/protectoravilagarcia.org\/es\/wp-json\/wp\/v2\/media?parent=4614"}],"wp:term":[{"taxonomy":"product_brand","embeddable":true,"href":"https:\/\/protectoravilagarcia.org\/es\/wp-json\/wp\/v2\/product_brand?post=4614"},{"taxonomy":"product_cat","embeddable":true,"href":"https:\/\/protectoravilagarcia.org\/es\/wp-json\/wp\/v2\/product_cat?post=4614"},{"taxonomy":"product_tag","embeddable":true,"href":"https:\/\/protectoravilagarcia.org\/es\/wp-json\/wp\/v2\/product_tag?post=4614"}],"curies":[{"name":"wp","href":"https:\/\/api.w.org\/{rel}","templated":true}]}}