{"id":4596,"date":"2022-04-14T18:14:35","date_gmt":"2022-04-14T16:14:35","guid":{"rendered":"https:\/\/protectoravilagarcia.org\/?post_type=product&#038;p=4596"},"modified":"2022-06-19T20:03:39","modified_gmt":"2022-06-19T18:03:39","slug":"cable-pelado","status":"publish","type":"product","link":"https:\/\/protectoravilagarcia.org\/es\/peludo\/cable-pelado\/","title":{"rendered":"Cable Pelado"},"content":{"rendered":"<p>Hola!! Soy Cable Pelado, una gatita muy buena y cari\u00f1osa, me gusta mucho que me den mimos pero como buena gatita tambi\u00e9n soy independiente, con el resto de gatit@s me llevo muy bien, me gusta mucho dormir juntitos, por lo que si la familia que me quiera adoptar ya tiene alg\u00fan gatito, yo no tendr\u00eda ning\u00fan problema con el. Si quieres adoptarme llama al 986160110, manda un email a info@protectoravilagarcia.org o manda un mensaje por redes sociales (Facebook o Instagram)<\/p>\n","protected":false},"excerpt":{"rendered":"<p>Hola!! Soy Cable Pelado, una gatita muy buena y cari\u00f1osa, me gusta mucho que me den mimos pero como buena gatita tambi\u00e9n soy independiente, con el resto de gatit@s me llevo muy bien, me gusta mucho dormir juntitos, por lo que si la familia que me quiera adoptar ya tiene alg\u00fan gatito, yo no tendr\u00eda [&hellip;]<\/p>\n","protected":false},"featured_media":4597,"template":"","meta":[],"product_brand":[],"product_cat":[46],"product_tag":[],"class_list":{"0":"post-4596","1":"product","2":"type-product","3":"status-publish","4":"has-post-thumbnail","6":"product_cat-adoptados","7":"pa_especie-gato","8":"pa_raza-europeo-comun","9":"pa_sexo-hembra","11":"first","12":"instock","13":"shipping-taxable","14":"product-type-simple"},"_links":{"self":[{"href":"https:\/\/protectoravilagarcia.org\/es\/wp-json\/wp\/v2\/product\/4596","targetHints":{"allow":["GET"]}}],"collection":[{"href":"https:\/\/protectoravilagarcia.org\/es\/wp-json\/wp\/v2\/product"}],"about":[{"href":"https:\/\/protectoravilagarcia.org\/es\/wp-json\/wp\/v2\/types\/product"}],"wp:featuredmedia":[{"embeddable":true,"href":"https:\/\/protectoravilagarcia.org\/es\/wp-json\/wp\/v2\/media\/4597"}],"wp:attachment":[{"href":"https:\/\/protectoravilagarcia.org\/es\/wp-json\/wp\/v2\/media?parent=4596"}],"wp:term":[{"taxonomy":"product_brand","embeddable":true,"href":"https:\/\/protectoravilagarcia.org\/es\/wp-json\/wp\/v2\/product_brand?post=4596"},{"taxonomy":"product_cat","embeddable":true,"href":"https:\/\/protectoravilagarcia.org\/es\/wp-json\/wp\/v2\/product_cat?post=4596"},{"taxonomy":"product_tag","embeddable":true,"href":"https:\/\/protectoravilagarcia.org\/es\/wp-json\/wp\/v2\/product_tag?post=4596"}],"curies":[{"name":"wp","href":"https:\/\/api.w.org\/{rel}","templated":true}]}}