{"id":4577,"date":"2022-04-12T19:17:03","date_gmt":"2022-04-12T17:17:03","guid":{"rendered":"https:\/\/protectoravilagarcia.org\/?post_type=product&#038;p=4577"},"modified":"2022-12-04T18:05:00","modified_gmt":"2022-12-04T17:05:00","slug":"azucar","status":"publish","type":"product","link":"https:\/\/protectoravilagarcia.org\/es\/peludo\/azucar\/","title":{"rendered":"Az\u00facar"},"content":{"rendered":"<p>Hola!! Mi nombre es Az\u00facar, soy una mestiza de tama\u00f1o grandote, en la prote dicen que a parte de muy guapa soy una cachito de pan&#8230; Buena, cari\u00f1osa, alegre y me llevo muy bien con todos mi compis de recinto. Me gustar\u00eda mucho encontrar una familia con la que poder compartir juegos, paseos, mimos y toda mi alegr\u00eda. Si quieres ser esa\u00a0 familia llama al 986160110, manda un email a info@protectoravilagarcia.org o un mensaje a las redes sociales de la prote (Facebook o Instgram).<\/p>\n","protected":false},"excerpt":{"rendered":"<p>Hola!! Mi nombre es Az\u00facar, soy una mestiza de tama\u00f1o grandote, en la prote dicen que a parte de muy guapa soy una cachito de pan&#8230; Buena, cari\u00f1osa, alegre y me llevo muy bien con todos mi compis de recinto. Me gustar\u00eda mucho encontrar una familia con la que poder compartir juegos, paseos, mimos y [&hellip;]<\/p>\n","protected":false},"featured_media":4579,"template":"","meta":[],"product_brand":[],"product_cat":[46],"product_tag":[],"class_list":{"0":"post-4577","1":"product","2":"type-product","3":"status-publish","4":"has-post-thumbnail","6":"product_cat-adoptados","7":"pa_especie-perro","8":"pa_raza-mestiza","9":"pa_sexo-hembra","10":"pa_tamano-grande","12":"first","13":"instock","14":"shipping-taxable","15":"product-type-simple"},"_links":{"self":[{"href":"https:\/\/protectoravilagarcia.org\/es\/wp-json\/wp\/v2\/product\/4577","targetHints":{"allow":["GET"]}}],"collection":[{"href":"https:\/\/protectoravilagarcia.org\/es\/wp-json\/wp\/v2\/product"}],"about":[{"href":"https:\/\/protectoravilagarcia.org\/es\/wp-json\/wp\/v2\/types\/product"}],"wp:featuredmedia":[{"embeddable":true,"href":"https:\/\/protectoravilagarcia.org\/es\/wp-json\/wp\/v2\/media\/4579"}],"wp:attachment":[{"href":"https:\/\/protectoravilagarcia.org\/es\/wp-json\/wp\/v2\/media?parent=4577"}],"wp:term":[{"taxonomy":"product_brand","embeddable":true,"href":"https:\/\/protectoravilagarcia.org\/es\/wp-json\/wp\/v2\/product_brand?post=4577"},{"taxonomy":"product_cat","embeddable":true,"href":"https:\/\/protectoravilagarcia.org\/es\/wp-json\/wp\/v2\/product_cat?post=4577"},{"taxonomy":"product_tag","embeddable":true,"href":"https:\/\/protectoravilagarcia.org\/es\/wp-json\/wp\/v2\/product_tag?post=4577"}],"curies":[{"name":"wp","href":"https:\/\/api.w.org\/{rel}","templated":true}]}}