{"id":4573,"date":"2022-04-12T19:03:55","date_gmt":"2022-04-12T17:03:55","guid":{"rendered":"https:\/\/protectoravilagarcia.org\/?post_type=product&#038;p=4573"},"modified":"2022-12-04T18:04:50","modified_gmt":"2022-12-04T17:04:50","slug":"miel","status":"publish","type":"product","link":"https:\/\/protectoravilagarcia.org\/es\/peludo\/miel\/","title":{"rendered":"Miel"},"content":{"rendered":"<p>Hola!! Soy Miel, soy una mestiza muy tranquila, buena y sociable. Llegue a la prote hace poco y aunque al principio estaba un poquito asustada, pronto me di cuenta de que aqu\u00ed nadie iba a hacerme da\u00f1o, aunque en la prote me cuidan y me dan mucho cari\u00f1o me encantar\u00eda encontrar una familia con la que compartir el resto de mi vida. \u00bfSer\u00e1 la tuya esa familia?. Si quieres m\u00e1s informaci\u00f3n llama al 986160110 o manda un mensaje a info@protectoravilagarcia.org, o a nuestras redes sociales (Facebook o Instagram)<\/p>\n","protected":false},"excerpt":{"rendered":"<p>Hola!! Soy Miel, soy una mestiza muy tranquila, buena y sociable. Llegue a la prote hace poco y aunque al principio estaba un poquito asustada, pronto me di cuenta de que aqu\u00ed nadie iba a hacerme da\u00f1o, aunque en la prote me cuidan y me dan mucho cari\u00f1o me encantar\u00eda encontrar una familia con la [&hellip;]<\/p>\n","protected":false},"featured_media":4575,"template":"","meta":[],"product_brand":[],"product_cat":[46],"product_tag":[],"class_list":{"0":"post-4573","1":"product","2":"type-product","3":"status-publish","4":"has-post-thumbnail","6":"product_cat-adoptados","7":"pa_especie-perro","8":"pa_raza-mestiza","9":"pa_sexo-hembra","10":"pa_tamano-mediano","12":"first","13":"instock","14":"shipping-taxable","15":"product-type-simple"},"_links":{"self":[{"href":"https:\/\/protectoravilagarcia.org\/es\/wp-json\/wp\/v2\/product\/4573","targetHints":{"allow":["GET"]}}],"collection":[{"href":"https:\/\/protectoravilagarcia.org\/es\/wp-json\/wp\/v2\/product"}],"about":[{"href":"https:\/\/protectoravilagarcia.org\/es\/wp-json\/wp\/v2\/types\/product"}],"wp:featuredmedia":[{"embeddable":true,"href":"https:\/\/protectoravilagarcia.org\/es\/wp-json\/wp\/v2\/media\/4575"}],"wp:attachment":[{"href":"https:\/\/protectoravilagarcia.org\/es\/wp-json\/wp\/v2\/media?parent=4573"}],"wp:term":[{"taxonomy":"product_brand","embeddable":true,"href":"https:\/\/protectoravilagarcia.org\/es\/wp-json\/wp\/v2\/product_brand?post=4573"},{"taxonomy":"product_cat","embeddable":true,"href":"https:\/\/protectoravilagarcia.org\/es\/wp-json\/wp\/v2\/product_cat?post=4573"},{"taxonomy":"product_tag","embeddable":true,"href":"https:\/\/protectoravilagarcia.org\/es\/wp-json\/wp\/v2\/product_tag?post=4573"}],"curies":[{"name":"wp","href":"https:\/\/api.w.org\/{rel}","templated":true}]}}