{"id":4570,"date":"2022-04-12T18:44:19","date_gmt":"2022-04-12T16:44:19","guid":{"rendered":"https:\/\/protectoravilagarcia.org\/?post_type=product&#038;p=4570"},"modified":"2022-08-31T16:42:08","modified_gmt":"2022-08-31T14:42:08","slug":"buxo","status":"publish","type":"product","link":"https:\/\/protectoravilagarcia.org\/es\/peludo\/buxo\/","title":{"rendered":"Buxo"},"content":{"rendered":"<p>Hola!! Mi nombre es Buxo. Estoy en la prote porque mi familia se mud\u00f3 de vivienda y decidieron que no ten\u00edan sitio para que me fuera con ellos. Soy un mestizo de sabueso muy cari\u00f1oso y alegre, me llevo bien con todos mis compa\u00f1eros. Si quieres ser mi familia llama al 986160110, o manda un mensaje a info@protectoravilagarcia.org, o a nuestras redes sociales (facebook o instagram).<\/p>\n","protected":false},"excerpt":{"rendered":"<p>Hola!! Mi nombre es Buxo. Estoy en la prote porque mi familia se mud\u00f3 de vivienda y decidieron que no ten\u00edan sitio para que me fuera con ellos. Soy un mestizo de sabueso muy cari\u00f1oso y alegre, me llevo bien con todos mis compa\u00f1eros. Si quieres ser mi familia llama al 986160110, o manda un [&hellip;]<\/p>\n","protected":false},"featured_media":4571,"template":"","meta":[],"product_brand":[],"product_cat":[46],"product_tag":[],"class_list":{"0":"post-4570","1":"product","2":"type-product","3":"status-publish","4":"has-post-thumbnail","6":"product_cat-adoptados","7":"pa_especie-perro","8":"pa_raza-mestiza","9":"pa_sexo-macho","10":"pa_tamano-mediano","12":"first","13":"instock","14":"shipping-taxable","15":"product-type-grouped"},"_links":{"self":[{"href":"https:\/\/protectoravilagarcia.org\/es\/wp-json\/wp\/v2\/product\/4570","targetHints":{"allow":["GET"]}}],"collection":[{"href":"https:\/\/protectoravilagarcia.org\/es\/wp-json\/wp\/v2\/product"}],"about":[{"href":"https:\/\/protectoravilagarcia.org\/es\/wp-json\/wp\/v2\/types\/product"}],"wp:featuredmedia":[{"embeddable":true,"href":"https:\/\/protectoravilagarcia.org\/es\/wp-json\/wp\/v2\/media\/4571"}],"wp:attachment":[{"href":"https:\/\/protectoravilagarcia.org\/es\/wp-json\/wp\/v2\/media?parent=4570"}],"wp:term":[{"taxonomy":"product_brand","embeddable":true,"href":"https:\/\/protectoravilagarcia.org\/es\/wp-json\/wp\/v2\/product_brand?post=4570"},{"taxonomy":"product_cat","embeddable":true,"href":"https:\/\/protectoravilagarcia.org\/es\/wp-json\/wp\/v2\/product_cat?post=4570"},{"taxonomy":"product_tag","embeddable":true,"href":"https:\/\/protectoravilagarcia.org\/es\/wp-json\/wp\/v2\/product_tag?post=4570"}],"curies":[{"name":"wp","href":"https:\/\/api.w.org\/{rel}","templated":true}]}}