{"id":4546,"date":"2022-01-23T23:29:43","date_gmt":"2022-01-23T22:29:43","guid":{"rendered":"https:\/\/protectoravilagarcia.org\/?post_type=product&#038;p=4546"},"modified":"2022-06-19T20:04:03","modified_gmt":"2022-06-19T18:04:03","slug":"recien-llegado-5","status":"publish","type":"product","link":"https:\/\/protectoravilagarcia.org\/es\/peludo\/recien-llegado-5\/","title":{"rendered":"Floqui"},"content":{"rendered":"<p>Hola, Soy Floqui, un mestizo de podenquito de tama\u00f1o peque\u00f1o. Son un poco t\u00edmido pero en cuanto me suelto soy muy bueno y cari\u00f1oso, me gusta mucho dar y recibir mimos y cari\u00f1o. Me llevo bien con mis compa\u00f1eros peludos.<\/p>\n<p>Si quieres ser mi familia llama al 986160110, manda un email a info@protectoravilagarcia.org o manda un mensaje a trav\u00e9s de las redes sociales de la protectora (Facebook e Instagram).<\/p>\n<p>&nbsp;<\/p>\n","protected":false},"excerpt":{"rendered":"<p>Hola, Soy Floqui, un mestizo de podenquito de tama\u00f1o peque\u00f1o. Son un poco t\u00edmido pero en cuanto me suelto soy muy bueno y cari\u00f1oso, me gusta mucho dar y recibir mimos y cari\u00f1o. Me llevo bien con mis compa\u00f1eros peludos. Si quieres ser mi familia llama al 986160110, manda un email a info@protectoravilagarcia.org o manda [&hellip;]<\/p>\n","protected":false},"featured_media":4558,"template":"","meta":[],"product_brand":[],"product_cat":[46],"product_tag":[],"class_list":{"0":"post-4546","1":"product","2":"type-product","3":"status-publish","4":"has-post-thumbnail","6":"product_cat-adoptados","7":"pa_especie-perro","8":"pa_raza-podenco","9":"pa_sexo-macho","10":"pa_tamano-pequeno","12":"first","13":"instock","14":"shipping-taxable","15":"product-type-simple"},"_links":{"self":[{"href":"https:\/\/protectoravilagarcia.org\/es\/wp-json\/wp\/v2\/product\/4546","targetHints":{"allow":["GET"]}}],"collection":[{"href":"https:\/\/protectoravilagarcia.org\/es\/wp-json\/wp\/v2\/product"}],"about":[{"href":"https:\/\/protectoravilagarcia.org\/es\/wp-json\/wp\/v2\/types\/product"}],"wp:featuredmedia":[{"embeddable":true,"href":"https:\/\/protectoravilagarcia.org\/es\/wp-json\/wp\/v2\/media\/4558"}],"wp:attachment":[{"href":"https:\/\/protectoravilagarcia.org\/es\/wp-json\/wp\/v2\/media?parent=4546"}],"wp:term":[{"taxonomy":"product_brand","embeddable":true,"href":"https:\/\/protectoravilagarcia.org\/es\/wp-json\/wp\/v2\/product_brand?post=4546"},{"taxonomy":"product_cat","embeddable":true,"href":"https:\/\/protectoravilagarcia.org\/es\/wp-json\/wp\/v2\/product_cat?post=4546"},{"taxonomy":"product_tag","embeddable":true,"href":"https:\/\/protectoravilagarcia.org\/es\/wp-json\/wp\/v2\/product_tag?post=4546"}],"curies":[{"name":"wp","href":"https:\/\/api.w.org\/{rel}","templated":true}]}}