{"id":4505,"date":"2022-01-23T21:13:21","date_gmt":"2022-01-23T20:13:21","guid":{"rendered":"https:\/\/protectoravilagarcia.org\/?post_type=product&#038;p=4505"},"modified":"2022-03-02T22:50:45","modified_gmt":"2022-03-02T21:50:45","slug":"martina","status":"publish","type":"product","link":"https:\/\/protectoravilagarcia.org\/es\/peludo\/martina\/","title":{"rendered":"Martina"},"content":{"rendered":"<p>Hola! Soy Martina, una podenquita adorable. Soy preciosa, una monadita. Soy buena y cari\u00f1osa y sociable con mis colegas peludos. Soy peque\u00f1ita, perfecta para cualquier familia. Si me adoptas prometo ser la alegr\u00eda de la casa y tu mejor amiga para siempre.Si est\u00e1s interesada\/o en adoptarme llama al 986160110, manda un mail (info@protectoravilagarcia.org), contacta por Facebook (https:\/\/www. facebook. com\/protectoravilagarcia) o por instagram.<\/p>\n","protected":false},"excerpt":{"rendered":"<p>Hola! Soy Martina, una podenquita adorable. Soy preciosa, una monadita. Soy buena y cari\u00f1osa y sociable con mis colegas peludos. Soy peque\u00f1ita, perfecta para cualquier familia. Si me adoptas prometo ser la alegr\u00eda de la casa y tu mejor amiga para siempre.Si est\u00e1s interesada\/o en adoptarme llama al 986160110, manda un mail (info@protectoravilagarcia.org), contacta por [&hellip;]<\/p>\n","protected":false},"featured_media":4531,"template":"","meta":[],"product_brand":[],"product_cat":[46],"product_tag":[],"class_list":{"0":"post-4505","1":"product","2":"type-product","3":"status-publish","4":"has-post-thumbnail","6":"product_cat-adoptados","7":"pa_especie-perro","8":"pa_raza-cruce-podenco","9":"pa_sexo-hembra","10":"pa_tamano-pequeno","12":"first","13":"instock","14":"shipping-taxable","15":"product-type-simple"},"_links":{"self":[{"href":"https:\/\/protectoravilagarcia.org\/es\/wp-json\/wp\/v2\/product\/4505","targetHints":{"allow":["GET"]}}],"collection":[{"href":"https:\/\/protectoravilagarcia.org\/es\/wp-json\/wp\/v2\/product"}],"about":[{"href":"https:\/\/protectoravilagarcia.org\/es\/wp-json\/wp\/v2\/types\/product"}],"wp:featuredmedia":[{"embeddable":true,"href":"https:\/\/protectoravilagarcia.org\/es\/wp-json\/wp\/v2\/media\/4531"}],"wp:attachment":[{"href":"https:\/\/protectoravilagarcia.org\/es\/wp-json\/wp\/v2\/media?parent=4505"}],"wp:term":[{"taxonomy":"product_brand","embeddable":true,"href":"https:\/\/protectoravilagarcia.org\/es\/wp-json\/wp\/v2\/product_brand?post=4505"},{"taxonomy":"product_cat","embeddable":true,"href":"https:\/\/protectoravilagarcia.org\/es\/wp-json\/wp\/v2\/product_cat?post=4505"},{"taxonomy":"product_tag","embeddable":true,"href":"https:\/\/protectoravilagarcia.org\/es\/wp-json\/wp\/v2\/product_tag?post=4505"}],"curies":[{"name":"wp","href":"https:\/\/api.w.org\/{rel}","templated":true}]}}