{"id":4503,"date":"2022-01-23T21:01:28","date_gmt":"2022-01-23T20:01:28","guid":{"rendered":"https:\/\/protectoravilagarcia.org\/?post_type=product&#038;p=4503"},"modified":"2022-04-07T22:49:16","modified_gmt":"2022-04-07T20:49:16","slug":"frodo","status":"publish","type":"product","link":"https:\/\/protectoravilagarcia.org\/es\/peludo\/frodo\/","title":{"rendered":"Frodo"},"content":{"rendered":"<p>Hola! Soy Frodo, un cruce de Grif\u00f3n muy guapete. Soy muy bueno y cari\u00f1oso. Puedo ser un poqu\u00edto t\u00edmido al principio pero cuando cojo confianza soy un loquito muy alegre. Si me adoptas prometo ser la alegr\u00eda de tu hogar y tu mejor amigo. Si est\u00e1s interesada\/o en adoptarme llama al 986160110, manda un mail (info@protectoravilagarcia.org), contacta por Facebook (https:\/\/www. facebook. com\/protectoravilagarcia) o por instagram.<\/p>\n","protected":false},"excerpt":{"rendered":"<p>Hola! Soy Frodo, un cruce de Grif\u00f3n muy guapete. Soy muy bueno y cari\u00f1oso. Puedo ser un poqu\u00edto t\u00edmido al principio pero cuando cojo confianza soy un loquito muy alegre. Si me adoptas prometo ser la alegr\u00eda de tu hogar y tu mejor amigo. Si est\u00e1s interesada\/o en adoptarme llama al 986160110, manda un mail [&hellip;]<\/p>\n","protected":false},"featured_media":4456,"template":"","meta":[],"product_brand":[],"product_cat":[46],"product_tag":[],"class_list":{"0":"post-4503","1":"product","2":"type-product","3":"status-publish","4":"has-post-thumbnail","6":"product_cat-adoptados","8":"first","9":"instock","10":"shipping-taxable","11":"product-type-simple"},"_links":{"self":[{"href":"https:\/\/protectoravilagarcia.org\/es\/wp-json\/wp\/v2\/product\/4503","targetHints":{"allow":["GET"]}}],"collection":[{"href":"https:\/\/protectoravilagarcia.org\/es\/wp-json\/wp\/v2\/product"}],"about":[{"href":"https:\/\/protectoravilagarcia.org\/es\/wp-json\/wp\/v2\/types\/product"}],"wp:featuredmedia":[{"embeddable":true,"href":"https:\/\/protectoravilagarcia.org\/es\/wp-json\/wp\/v2\/media\/4456"}],"wp:attachment":[{"href":"https:\/\/protectoravilagarcia.org\/es\/wp-json\/wp\/v2\/media?parent=4503"}],"wp:term":[{"taxonomy":"product_brand","embeddable":true,"href":"https:\/\/protectoravilagarcia.org\/es\/wp-json\/wp\/v2\/product_brand?post=4503"},{"taxonomy":"product_cat","embeddable":true,"href":"https:\/\/protectoravilagarcia.org\/es\/wp-json\/wp\/v2\/product_cat?post=4503"},{"taxonomy":"product_tag","embeddable":true,"href":"https:\/\/protectoravilagarcia.org\/es\/wp-json\/wp\/v2\/product_tag?post=4503"}],"curies":[{"name":"wp","href":"https:\/\/api.w.org\/{rel}","templated":true}]}}