{"id":4501,"date":"2022-01-23T15:35:30","date_gmt":"2022-01-23T14:35:30","guid":{"rendered":"https:\/\/protectoravilagarcia.org\/?post_type=product&#038;p=4501"},"modified":"2022-02-08T15:41:05","modified_gmt":"2022-02-08T14:41:05","slug":"luigi","status":"publish","type":"product","link":"https:\/\/protectoravilagarcia.org\/es\/peludo\/luigi\/","title":{"rendered":"Luigi"},"content":{"rendered":"<p>Hola! Soy Luigi, un perr\u00edn adorable. Soy simp\u00e1tico y adorable. Muy juguet\u00f3n y activo, no paro quieto. Le doy mucha alegr\u00eda a la prote, y si me adoptas prometo ser la alegr\u00eda de tu hogar. Si est\u00e1s interesada\/o en adoptarme llama al 986160110, manda un mail (info@protectoravilagarcia.org), contacta por Facebook (https:\/\/www. facebook. com\/protectoravilagarcia) o por instagram.<\/p>\n","protected":false},"excerpt":{"rendered":"<p>Hola! Soy Luigi, un perr\u00edn adorable. Soy simp\u00e1tico y adorable. Muy juguet\u00f3n y activo, no paro quieto. Le doy mucha alegr\u00eda a la prote, y si me adoptas prometo ser la alegr\u00eda de tu hogar. Si est\u00e1s interesada\/o en adoptarme llama al 986160110, manda un mail (info@protectoravilagarcia.org), contacta por Facebook (https:\/\/www. facebook. com\/protectoravilagarcia) o por [&hellip;]<\/p>\n","protected":false},"featured_media":4530,"template":"","meta":[],"product_brand":[],"product_cat":[46],"product_tag":[],"class_list":{"0":"post-4501","1":"product","2":"type-product","3":"status-publish","4":"has-post-thumbnail","6":"product_cat-adoptados","7":"pa_especie-perro","8":"pa_raza-mestiza","9":"pa_sexo-macho","10":"pa_tamano-pequeno","12":"first","13":"instock","14":"shipping-taxable","15":"product-type-simple"},"_links":{"self":[{"href":"https:\/\/protectoravilagarcia.org\/es\/wp-json\/wp\/v2\/product\/4501","targetHints":{"allow":["GET"]}}],"collection":[{"href":"https:\/\/protectoravilagarcia.org\/es\/wp-json\/wp\/v2\/product"}],"about":[{"href":"https:\/\/protectoravilagarcia.org\/es\/wp-json\/wp\/v2\/types\/product"}],"wp:featuredmedia":[{"embeddable":true,"href":"https:\/\/protectoravilagarcia.org\/es\/wp-json\/wp\/v2\/media\/4530"}],"wp:attachment":[{"href":"https:\/\/protectoravilagarcia.org\/es\/wp-json\/wp\/v2\/media?parent=4501"}],"wp:term":[{"taxonomy":"product_brand","embeddable":true,"href":"https:\/\/protectoravilagarcia.org\/es\/wp-json\/wp\/v2\/product_brand?post=4501"},{"taxonomy":"product_cat","embeddable":true,"href":"https:\/\/protectoravilagarcia.org\/es\/wp-json\/wp\/v2\/product_cat?post=4501"},{"taxonomy":"product_tag","embeddable":true,"href":"https:\/\/protectoravilagarcia.org\/es\/wp-json\/wp\/v2\/product_tag?post=4501"}],"curies":[{"name":"wp","href":"https:\/\/api.w.org\/{rel}","templated":true}]}}