{"id":4496,"date":"2022-01-23T15:17:06","date_gmt":"2022-01-23T14:17:06","guid":{"rendered":"https:\/\/protectoravilagarcia.org\/?post_type=product&#038;p=4496"},"modified":"2022-01-23T15:17:06","modified_gmt":"2022-01-23T14:17:06","slug":"grisli","status":"publish","type":"product","link":"https:\/\/protectoravilagarcia.org\/es\/peludo\/grisli\/","title":{"rendered":"Grisli"},"content":{"rendered":"<p>Hola! Soy Grisli. Soy un perrete muy guapo. Soy bueno y cari\u00f1oso. Muy sociable con mis comp\u00f1eros\/as peludos\/as. Lo \u00fanico que no me gustan mucho que me manipulen, me pongo un poco tenso. Y de correas ya ni hablar, me pongo muy muy nervioso pero es que cuando llegu\u00e9 a la prote ven\u00eda con una cuerda colgando, as\u00ed que las voluntarias creen que seguramente estaba atado y no quiero volver a estarlo. Solo necesito cari\u00f1o y paciencia y seguro que aprendo enseguida. Si est\u00e1s interesada\/o en adoptarme llama al 986160110, manda un mail (info@protectoravilagarcia.org), contacta por Facebook (https:\/\/www. facebook. com\/protectoravilagarcia) o por instagram.<\/p>\n","protected":false},"excerpt":{"rendered":"<p>Hola! Soy Grisli. Soy un perrete muy guapo. Soy bueno y cari\u00f1oso. Muy sociable con mis comp\u00f1eros\/as peludos\/as. Lo \u00fanico que no me gustan mucho que me manipulen, me pongo un poco tenso. Y de correas ya ni hablar, me pongo muy muy nervioso pero es que cuando llegu\u00e9 a la prote ven\u00eda con una [&hellip;]<\/p>\n","protected":false},"featured_media":4464,"template":"","meta":[],"product_brand":[],"product_cat":[9],"product_tag":[],"class_list":{"0":"post-4496","1":"product","2":"type-product","3":"status-publish","4":"has-post-thumbnail","6":"product_cat-en-adopcion","7":"pa_especie-perro","8":"pa_raza-mestiza","9":"pa_sexo-macho","10":"pa_tamano-mediano","12":"first","13":"instock","14":"shipping-taxable","15":"product-type-simple"},"_links":{"self":[{"href":"https:\/\/protectoravilagarcia.org\/es\/wp-json\/wp\/v2\/product\/4496","targetHints":{"allow":["GET"]}}],"collection":[{"href":"https:\/\/protectoravilagarcia.org\/es\/wp-json\/wp\/v2\/product"}],"about":[{"href":"https:\/\/protectoravilagarcia.org\/es\/wp-json\/wp\/v2\/types\/product"}],"wp:featuredmedia":[{"embeddable":true,"href":"https:\/\/protectoravilagarcia.org\/es\/wp-json\/wp\/v2\/media\/4464"}],"wp:attachment":[{"href":"https:\/\/protectoravilagarcia.org\/es\/wp-json\/wp\/v2\/media?parent=4496"}],"wp:term":[{"taxonomy":"product_brand","embeddable":true,"href":"https:\/\/protectoravilagarcia.org\/es\/wp-json\/wp\/v2\/product_brand?post=4496"},{"taxonomy":"product_cat","embeddable":true,"href":"https:\/\/protectoravilagarcia.org\/es\/wp-json\/wp\/v2\/product_cat?post=4496"},{"taxonomy":"product_tag","embeddable":true,"href":"https:\/\/protectoravilagarcia.org\/es\/wp-json\/wp\/v2\/product_tag?post=4496"}],"curies":[{"name":"wp","href":"https:\/\/api.w.org\/{rel}","templated":true}]}}