{"id":4411,"date":"2021-11-03T12:30:15","date_gmt":"2021-11-03T11:30:15","guid":{"rendered":"https:\/\/protectoravilagarcia.org\/?post_type=product&#038;p=4411"},"modified":"2022-02-08T15:41:26","modified_gmt":"2022-02-08T14:41:26","slug":"copia","status":"publish","type":"product","link":"https:\/\/protectoravilagarcia.org\/es\/peludo\/copia\/","title":{"rendered":"Grifa."},"content":{"rendered":"<p>Hola! Soy Grifa, y como pod\u00e9is ver soy una aut\u00e9ntica belleza. Soy muy buena y obediente, paseo muy bien y se sentarme cuando me lo dicen. Con mis compa\u00f1eros peludos me llevo muy guay, pero tengo que decir que en la prote soy una escapista profesional, salto de los recintos que da gusto, as\u00ed que es mejor que si me adopta alguien con finca, el muro sea muuuy alto. Aunque prometo que si me quer\u00e9is mucho no intentar\u00e9 escapar. Si est\u00e1s interesado\/a en adoptarme llama al 986160110, manda un mail (info@protectoravilagarcia.org), contacta por Facebook (https:\/\/www. facebook. com\/protectoravilagarcia) o por instagram.<\/p>\n","protected":false},"excerpt":{"rendered":"<p>Hola! Soy Grifa, y como pod\u00e9is ver soy una aut\u00e9ntica belleza. Soy muy buena y obediente, paseo muy bien y se sentarme cuando me lo dicen. Con mis compa\u00f1eros peludos me llevo muy guay, pero tengo que decir que en la prote soy una escapista profesional, salto de los recintos que da gusto, as\u00ed que [&hellip;]<\/p>\n","protected":false},"featured_media":4425,"template":"","meta":[],"product_brand":[],"product_cat":[46],"product_tag":[],"class_list":{"0":"post-4411","1":"product","2":"type-product","3":"status-publish","4":"has-post-thumbnail","6":"product_cat-adoptados","7":"pa_especie-perro","8":"pa_raza-mestiza","9":"pa_sexo-hembra","10":"pa_tamano-grande","12":"first","13":"instock","14":"shipping-taxable","15":"product-type-simple"},"_links":{"self":[{"href":"https:\/\/protectoravilagarcia.org\/es\/wp-json\/wp\/v2\/product\/4411","targetHints":{"allow":["GET"]}}],"collection":[{"href":"https:\/\/protectoravilagarcia.org\/es\/wp-json\/wp\/v2\/product"}],"about":[{"href":"https:\/\/protectoravilagarcia.org\/es\/wp-json\/wp\/v2\/types\/product"}],"wp:featuredmedia":[{"embeddable":true,"href":"https:\/\/protectoravilagarcia.org\/es\/wp-json\/wp\/v2\/media\/4425"}],"wp:attachment":[{"href":"https:\/\/protectoravilagarcia.org\/es\/wp-json\/wp\/v2\/media?parent=4411"}],"wp:term":[{"taxonomy":"product_brand","embeddable":true,"href":"https:\/\/protectoravilagarcia.org\/es\/wp-json\/wp\/v2\/product_brand?post=4411"},{"taxonomy":"product_cat","embeddable":true,"href":"https:\/\/protectoravilagarcia.org\/es\/wp-json\/wp\/v2\/product_cat?post=4411"},{"taxonomy":"product_tag","embeddable":true,"href":"https:\/\/protectoravilagarcia.org\/es\/wp-json\/wp\/v2\/product_tag?post=4411"}],"curies":[{"name":"wp","href":"https:\/\/api.w.org\/{rel}","templated":true}]}}