{"id":4405,"date":"2021-10-30T18:08:42","date_gmt":"2021-10-30T16:08:42","guid":{"rendered":"https:\/\/protectoravilagarcia.org\/?post_type=product&#038;p=4405"},"modified":"2021-12-29T21:24:23","modified_gmt":"2021-12-29T20:24:23","slug":"suri","status":"publish","type":"product","link":"https:\/\/protectoravilagarcia.org\/es\/peludo\/suri\/","title":{"rendered":"Petra"},"content":{"rendered":"<p>Hola! Soy Petra, una perrita adorable. Soy buena y cari\u00f1osa, muy tranquila aunque me agobio un poco en sitios cerrados y sola, ya que me gusta mucho la compa\u00f1\u00eda. Me llevo muy bien con mis compa\u00f1eros peludos y con la gente soy un aut\u00e9ntico amor. Si est\u00e1s interesado\/a en adoptarme\u00a0 llama al 986160110, manda un mail (info@protectoravilagarcia.org), contacta por Facebook (https:\/\/www. facebook. com\/protectoravilagarcia) o por instagram.<\/p>\n","protected":false},"excerpt":{"rendered":"<p>Hola! Soy Petra, una perrita adorable. Soy buena y cari\u00f1osa, muy tranquila aunque me agobio un poco en sitios cerrados y sola, ya que me gusta mucho la compa\u00f1\u00eda. Me llevo muy bien con mis compa\u00f1eros peludos y con la gente soy un aut\u00e9ntico amor. Si est\u00e1s interesado\/a en adoptarme\u00a0 llama al 986160110, manda un [&hellip;]<\/p>\n","protected":false},"featured_media":4440,"template":"","meta":[],"product_brand":[],"product_cat":[9],"product_tag":[],"class_list":{"0":"post-4405","1":"product","2":"type-product","3":"status-publish","4":"has-post-thumbnail","6":"product_cat-en-adopcion","7":"pa_especie-perro","8":"pa_raza-mestiza","9":"pa_sexo-hembra","10":"pa_tamano-grande","12":"first","13":"instock","14":"shipping-taxable","15":"product-type-simple"},"_links":{"self":[{"href":"https:\/\/protectoravilagarcia.org\/es\/wp-json\/wp\/v2\/product\/4405","targetHints":{"allow":["GET"]}}],"collection":[{"href":"https:\/\/protectoravilagarcia.org\/es\/wp-json\/wp\/v2\/product"}],"about":[{"href":"https:\/\/protectoravilagarcia.org\/es\/wp-json\/wp\/v2\/types\/product"}],"wp:featuredmedia":[{"embeddable":true,"href":"https:\/\/protectoravilagarcia.org\/es\/wp-json\/wp\/v2\/media\/4440"}],"wp:attachment":[{"href":"https:\/\/protectoravilagarcia.org\/es\/wp-json\/wp\/v2\/media?parent=4405"}],"wp:term":[{"taxonomy":"product_brand","embeddable":true,"href":"https:\/\/protectoravilagarcia.org\/es\/wp-json\/wp\/v2\/product_brand?post=4405"},{"taxonomy":"product_cat","embeddable":true,"href":"https:\/\/protectoravilagarcia.org\/es\/wp-json\/wp\/v2\/product_cat?post=4405"},{"taxonomy":"product_tag","embeddable":true,"href":"https:\/\/protectoravilagarcia.org\/es\/wp-json\/wp\/v2\/product_tag?post=4405"}],"curies":[{"name":"wp","href":"https:\/\/api.w.org\/{rel}","templated":true}]}}