{"id":4401,"date":"2021-10-30T18:02:02","date_gmt":"2021-10-30T16:02:02","guid":{"rendered":"https:\/\/protectoravilagarcia.org\/?post_type=product&#038;p=4401"},"modified":"2022-08-31T17:37:14","modified_gmt":"2022-08-31T15:37:14","slug":"4401","status":"publish","type":"product","link":"https:\/\/protectoravilagarcia.org\/es\/peludo\/4401\/","title":{"rendered":"Doc"},"content":{"rendered":"<p>Hola! Soy Doc, un grif\u00f3n blanco espectacular. Soy bueno y alegre, estoy un poco loquito como buen grif\u00f3n, pero soy la alegr\u00eda de la huerta. Me gusta mucho pasear y me llevo muy bien con mis colegas peludos. Adem\u00e1s soy un mimosote de mucho cuidado. Si est\u00e1s interesada\/o en adoptarme llama al 986160110, manda un mail (info@protectoravilagarcia.org), contacta por Facebook (https:\/\/www. facebook. com\/protectoravilagarcia) o por instagram.<\/p>\n","protected":false},"excerpt":{"rendered":"<p>Hola! Soy Doc, un grif\u00f3n blanco espectacular. Soy bueno y alegre, estoy un poco loquito como buen grif\u00f3n, pero soy la alegr\u00eda de la huerta. Me gusta mucho pasear y me llevo muy bien con mis colegas peludos. Adem\u00e1s soy un mimosote de mucho cuidado. Si est\u00e1s interesada\/o en adoptarme llama al 986160110, manda un [&hellip;]<\/p>\n","protected":false},"featured_media":4419,"template":"","meta":[],"product_brand":[],"product_cat":[46],"product_tag":[],"class_list":{"0":"post-4401","1":"product","2":"type-product","3":"status-publish","4":"has-post-thumbnail","6":"product_cat-adoptados","7":"pa_especie-perro","8":"pa_raza-grifon","9":"pa_sexo-macho","10":"pa_tamano-grande","12":"first","13":"instock","14":"shipping-taxable","15":"product-type-simple"},"_links":{"self":[{"href":"https:\/\/protectoravilagarcia.org\/es\/wp-json\/wp\/v2\/product\/4401","targetHints":{"allow":["GET"]}}],"collection":[{"href":"https:\/\/protectoravilagarcia.org\/es\/wp-json\/wp\/v2\/product"}],"about":[{"href":"https:\/\/protectoravilagarcia.org\/es\/wp-json\/wp\/v2\/types\/product"}],"wp:featuredmedia":[{"embeddable":true,"href":"https:\/\/protectoravilagarcia.org\/es\/wp-json\/wp\/v2\/media\/4419"}],"wp:attachment":[{"href":"https:\/\/protectoravilagarcia.org\/es\/wp-json\/wp\/v2\/media?parent=4401"}],"wp:term":[{"taxonomy":"product_brand","embeddable":true,"href":"https:\/\/protectoravilagarcia.org\/es\/wp-json\/wp\/v2\/product_brand?post=4401"},{"taxonomy":"product_cat","embeddable":true,"href":"https:\/\/protectoravilagarcia.org\/es\/wp-json\/wp\/v2\/product_cat?post=4401"},{"taxonomy":"product_tag","embeddable":true,"href":"https:\/\/protectoravilagarcia.org\/es\/wp-json\/wp\/v2\/product_tag?post=4401"}],"curies":[{"name":"wp","href":"https:\/\/api.w.org\/{rel}","templated":true}]}}