{"id":4386,"date":"2021-10-30T17:20:15","date_gmt":"2021-10-30T15:20:15","guid":{"rendered":"https:\/\/protectoravilagarcia.org\/?post_type=product&#038;p=4386"},"modified":"2022-01-23T23:31:38","modified_gmt":"2022-01-23T22:31:38","slug":"rufian","status":"publish","type":"product","link":"https:\/\/protectoravilagarcia.org\/es\/peludo\/rufian\/","title":{"rendered":"Rufi\u00e1n"},"content":{"rendered":"<p>Hola!! Soy Rufi\u00e1n un perrete adorable. Estoy un poco loquito pero es que soy muy mimos\u00f3n y cari\u00f1oso. Soy bastante activo as\u00ed que soy perfecto para ir a dar largos paseos contigo. Si est\u00e1s interesado\/a en adoptarme\u00a0llama al 986160110, manda un mail (info@protectoravilagarcia.org), contacta por Facebook (https:\/\/www. facebook. com\/protectoravilagarcia) o por instagram.<\/p>\n","protected":false},"excerpt":{"rendered":"<p>Hola!! Soy Rufi\u00e1n un perrete adorable. Estoy un poco loquito pero es que soy muy mimos\u00f3n y cari\u00f1oso. Soy bastante activo as\u00ed que soy perfecto para ir a dar largos paseos contigo. Si est\u00e1s interesado\/a en adoptarme\u00a0llama al 986160110, manda un mail (info@protectoravilagarcia.org), contacta por Facebook (https:\/\/www. facebook. com\/protectoravilagarcia) o por instagram.<\/p>\n","protected":false},"featured_media":4430,"template":"","meta":[],"product_brand":[],"product_cat":[46],"product_tag":[],"class_list":{"0":"post-4386","1":"product","2":"type-product","3":"status-publish","4":"has-post-thumbnail","6":"product_cat-adoptados","7":"pa_especie-perro","8":"pa_raza-mestiza","9":"pa_sexo-macho","10":"pa_tamano-pequeno","12":"first","13":"instock","14":"shipping-taxable","15":"product-type-simple"},"_links":{"self":[{"href":"https:\/\/protectoravilagarcia.org\/es\/wp-json\/wp\/v2\/product\/4386","targetHints":{"allow":["GET"]}}],"collection":[{"href":"https:\/\/protectoravilagarcia.org\/es\/wp-json\/wp\/v2\/product"}],"about":[{"href":"https:\/\/protectoravilagarcia.org\/es\/wp-json\/wp\/v2\/types\/product"}],"wp:featuredmedia":[{"embeddable":true,"href":"https:\/\/protectoravilagarcia.org\/es\/wp-json\/wp\/v2\/media\/4430"}],"wp:attachment":[{"href":"https:\/\/protectoravilagarcia.org\/es\/wp-json\/wp\/v2\/media?parent=4386"}],"wp:term":[{"taxonomy":"product_brand","embeddable":true,"href":"https:\/\/protectoravilagarcia.org\/es\/wp-json\/wp\/v2\/product_brand?post=4386"},{"taxonomy":"product_cat","embeddable":true,"href":"https:\/\/protectoravilagarcia.org\/es\/wp-json\/wp\/v2\/product_cat?post=4386"},{"taxonomy":"product_tag","embeddable":true,"href":"https:\/\/protectoravilagarcia.org\/es\/wp-json\/wp\/v2\/product_tag?post=4386"}],"curies":[{"name":"wp","href":"https:\/\/api.w.org\/{rel}","templated":true}]}}