{"id":4384,"date":"2021-10-30T17:11:57","date_gmt":"2021-10-30T15:11:57","guid":{"rendered":"https:\/\/protectoravilagarcia.org\/?post_type=product&#038;p=4384"},"modified":"2021-12-29T21:31:58","modified_gmt":"2021-12-29T20:31:58","slug":"rayo","status":"publish","type":"product","link":"https:\/\/protectoravilagarcia.org\/es\/peludo\/rayo\/","title":{"rendered":"Rayo"},"content":{"rendered":"<p>Hola!! Soy Rayo, un podenquito adorable. Soy alegre y simp\u00e1tico, muy cari\u00f1oso. Paseo muy bien y me llevo bien con mis compa\u00f1eros peludos. Si est\u00e1s interesado\/a en adoptarme\u00a0 llama al 986160110, manda un mail (info@protectoravilagarcia.org), contacta por Facebook (https:\/\/www. facebook. com\/protectoravilagarcia) o por instagram.<\/p>\n","protected":false},"excerpt":{"rendered":"<p>Hola!! Soy Rayo, un podenquito adorable. Soy alegre y simp\u00e1tico, muy cari\u00f1oso. Paseo muy bien y me llevo bien con mis compa\u00f1eros peludos. Si est\u00e1s interesado\/a en adoptarme\u00a0 llama al 986160110, manda un mail (info@protectoravilagarcia.org), contacta por Facebook (https:\/\/www. facebook. com\/protectoravilagarcia) o por instagram.<\/p>\n","protected":false},"featured_media":4385,"template":"","meta":[],"product_brand":[],"product_cat":[46],"product_tag":[],"class_list":{"0":"post-4384","1":"product","2":"type-product","3":"status-publish","4":"has-post-thumbnail","6":"product_cat-adoptados","7":"pa_especie-perro","8":"pa_raza-cruce-de-podenco","9":"pa_sexo-macho","10":"pa_tamano-pequeno","12":"first","13":"instock","14":"shipping-taxable","15":"product-type-simple"},"_links":{"self":[{"href":"https:\/\/protectoravilagarcia.org\/es\/wp-json\/wp\/v2\/product\/4384","targetHints":{"allow":["GET"]}}],"collection":[{"href":"https:\/\/protectoravilagarcia.org\/es\/wp-json\/wp\/v2\/product"}],"about":[{"href":"https:\/\/protectoravilagarcia.org\/es\/wp-json\/wp\/v2\/types\/product"}],"wp:featuredmedia":[{"embeddable":true,"href":"https:\/\/protectoravilagarcia.org\/es\/wp-json\/wp\/v2\/media\/4385"}],"wp:attachment":[{"href":"https:\/\/protectoravilagarcia.org\/es\/wp-json\/wp\/v2\/media?parent=4384"}],"wp:term":[{"taxonomy":"product_brand","embeddable":true,"href":"https:\/\/protectoravilagarcia.org\/es\/wp-json\/wp\/v2\/product_brand?post=4384"},{"taxonomy":"product_cat","embeddable":true,"href":"https:\/\/protectoravilagarcia.org\/es\/wp-json\/wp\/v2\/product_cat?post=4384"},{"taxonomy":"product_tag","embeddable":true,"href":"https:\/\/protectoravilagarcia.org\/es\/wp-json\/wp\/v2\/product_tag?post=4384"}],"curies":[{"name":"wp","href":"https:\/\/api.w.org\/{rel}","templated":true}]}}