{"id":4378,"date":"2021-10-30T16:55:50","date_gmt":"2021-10-30T14:55:50","guid":{"rendered":"https:\/\/protectoravilagarcia.org\/?post_type=product&#038;p=4378"},"modified":"2022-12-04T18:06:38","modified_gmt":"2022-12-04T17:06:38","slug":"afrodita","status":"publish","type":"product","link":"https:\/\/protectoravilagarcia.org\/es\/peludo\/afrodita\/","title":{"rendered":"Afrodita"},"content":{"rendered":"<p>Hola! Soy Afrodita, una pastorcita s\u00faper guapa. Soy un poquito t\u00edmida al principio pero cuando cojo confianza soy todo un amor. Si est\u00e1s inetresado\/a en adoptarme\u00a0 llama al 986160110, manda un mail (info@protectoravilagarcia.org), contacta por Facebook (https:\/\/www. facebook. com\/protectoravilagarcia) o por instagram.<\/p>\n","protected":false},"excerpt":{"rendered":"<p>Hola! Soy Afrodita, una pastorcita s\u00faper guapa. Soy un poquito t\u00edmida al principio pero cuando cojo confianza soy todo un amor. Si est\u00e1s inetresado\/a en adoptarme\u00a0 llama al 986160110, manda un mail (info@protectoravilagarcia.org), contacta por Facebook (https:\/\/www. facebook. com\/protectoravilagarcia) o por instagram.<\/p>\n","protected":false},"featured_media":4413,"template":"","meta":[],"product_brand":[],"product_cat":[46],"product_tag":[],"class_list":{"0":"post-4378","1":"product","2":"type-product","3":"status-publish","4":"has-post-thumbnail","6":"product_cat-adoptados","7":"pa_especie-perro","8":"pa_raza-cruce-de-pastor-aleman","9":"pa_sexo-hembra","10":"pa_tamano-mediano","12":"first","13":"instock","14":"shipping-taxable","15":"product-type-simple"},"_links":{"self":[{"href":"https:\/\/protectoravilagarcia.org\/es\/wp-json\/wp\/v2\/product\/4378","targetHints":{"allow":["GET"]}}],"collection":[{"href":"https:\/\/protectoravilagarcia.org\/es\/wp-json\/wp\/v2\/product"}],"about":[{"href":"https:\/\/protectoravilagarcia.org\/es\/wp-json\/wp\/v2\/types\/product"}],"wp:featuredmedia":[{"embeddable":true,"href":"https:\/\/protectoravilagarcia.org\/es\/wp-json\/wp\/v2\/media\/4413"}],"wp:attachment":[{"href":"https:\/\/protectoravilagarcia.org\/es\/wp-json\/wp\/v2\/media?parent=4378"}],"wp:term":[{"taxonomy":"product_brand","embeddable":true,"href":"https:\/\/protectoravilagarcia.org\/es\/wp-json\/wp\/v2\/product_brand?post=4378"},{"taxonomy":"product_cat","embeddable":true,"href":"https:\/\/protectoravilagarcia.org\/es\/wp-json\/wp\/v2\/product_cat?post=4378"},{"taxonomy":"product_tag","embeddable":true,"href":"https:\/\/protectoravilagarcia.org\/es\/wp-json\/wp\/v2\/product_tag?post=4378"}],"curies":[{"name":"wp","href":"https:\/\/api.w.org\/{rel}","templated":true}]}}