{"id":4369,"date":"2021-10-30T16:44:33","date_gmt":"2021-10-30T14:44:33","guid":{"rendered":"https:\/\/protectoravilagarcia.org\/?post_type=product&#038;p=4369"},"modified":"2022-01-23T23:32:15","modified_gmt":"2022-01-23T22:32:15","slug":"turquesa","status":"publish","type":"product","link":"https:\/\/protectoravilagarcia.org\/es\/peludo\/turquesa\/","title":{"rendered":"Turquesa"},"content":{"rendered":"<p>Hola!! Soy Turquesa una perrita guap\u00edsima como pod\u00e9is observar. Soy muy buena y cari\u00f1osa y me gustar\u00eda conseguir una casita en la que me quieran mucho. Para adoptarme es necesario tener la licencia de perros PPP. Si est\u00e1s interesada\/o en adoptarme \u00a0llama al 986160110, manda un mail (info@protectoravilagarcia.org), contacta por Facebook (https:\/\/www. facebook. com\/protectoravilagarcia) o por instagram.<\/p>\n","protected":false},"excerpt":{"rendered":"<p>Hola!! Soy Turquesa una perrita guap\u00edsima como pod\u00e9is observar. Soy muy buena y cari\u00f1osa y me gustar\u00eda conseguir una casita en la que me quieran mucho. Para adoptarme es necesario tener la licencia de perros PPP. Si est\u00e1s interesada\/o en adoptarme \u00a0llama al 986160110, manda un mail (info@protectoravilagarcia.org), contacta por Facebook (https:\/\/www. facebook. com\/protectoravilagarcia) o [&hellip;]<\/p>\n","protected":false},"featured_media":4376,"template":"","meta":[],"product_brand":[],"product_cat":[46],"product_tag":[],"class_list":{"0":"post-4369","1":"product","2":"type-product","3":"status-publish","4":"has-post-thumbnail","6":"product_cat-adoptados","7":"pa_especie-perro","8":"pa_raza-mestizo-pitbull","9":"pa_sexo-hembra","10":"pa_tamano-mediano","12":"first","13":"instock","14":"shipping-taxable","15":"product-type-simple"},"_links":{"self":[{"href":"https:\/\/protectoravilagarcia.org\/es\/wp-json\/wp\/v2\/product\/4369","targetHints":{"allow":["GET"]}}],"collection":[{"href":"https:\/\/protectoravilagarcia.org\/es\/wp-json\/wp\/v2\/product"}],"about":[{"href":"https:\/\/protectoravilagarcia.org\/es\/wp-json\/wp\/v2\/types\/product"}],"wp:featuredmedia":[{"embeddable":true,"href":"https:\/\/protectoravilagarcia.org\/es\/wp-json\/wp\/v2\/media\/4376"}],"wp:attachment":[{"href":"https:\/\/protectoravilagarcia.org\/es\/wp-json\/wp\/v2\/media?parent=4369"}],"wp:term":[{"taxonomy":"product_brand","embeddable":true,"href":"https:\/\/protectoravilagarcia.org\/es\/wp-json\/wp\/v2\/product_brand?post=4369"},{"taxonomy":"product_cat","embeddable":true,"href":"https:\/\/protectoravilagarcia.org\/es\/wp-json\/wp\/v2\/product_cat?post=4369"},{"taxonomy":"product_tag","embeddable":true,"href":"https:\/\/protectoravilagarcia.org\/es\/wp-json\/wp\/v2\/product_tag?post=4369"}],"curies":[{"name":"wp","href":"https:\/\/api.w.org\/{rel}","templated":true}]}}