{"id":4357,"date":"2021-09-10T17:58:10","date_gmt":"2021-09-10T15:58:10","guid":{"rendered":"https:\/\/protectoravilagarcia.org\/?post_type=product&#038;p=4357"},"modified":"2022-04-07T22:50:25","modified_gmt":"2022-04-07T20:50:25","slug":"pelanas","status":"publish","type":"product","link":"https:\/\/protectoravilagarcia.org\/es\/peludo\/pelanas\/","title":{"rendered":"Vete"},"content":{"rendered":"<p>Hol, soy Vete. Un perrito de tama\u00f1o peque\u00f1o perfecto para cualquier familia. Soy sociable y cari\u00f1oso y me llevo bien con mis colegas peludos. Si est\u00e1s interesado\/a en adoptarme llama al 986160110, manda un mail (info@protectoravilagarcia.org), contacta por Facebook (https:\/\/www. facebook. com\/protectoravilagarcia) o por instagram.<\/p>\n","protected":false},"excerpt":{"rendered":"<p>Hol, soy Vete. Un perrito de tama\u00f1o peque\u00f1o perfecto para cualquier familia. Soy sociable y cari\u00f1oso y me llevo bien con mis colegas peludos. Si est\u00e1s interesado\/a en adoptarme llama al 986160110, manda un mail (info@protectoravilagarcia.org), contacta por Facebook (https:\/\/www. facebook. com\/protectoravilagarcia) o por instagram.<\/p>\n","protected":false},"featured_media":4432,"template":"","meta":[],"product_brand":[],"product_cat":[46],"product_tag":[],"class_list":{"0":"post-4357","1":"product","2":"type-product","3":"status-publish","4":"has-post-thumbnail","6":"product_cat-adoptados","7":"pa_especie-perro","8":"pa_raza-mestiza","9":"pa_sexo-macho","10":"pa_tamano-pequeno","12":"first","13":"instock","14":"shipping-taxable","15":"product-type-simple"},"_links":{"self":[{"href":"https:\/\/protectoravilagarcia.org\/es\/wp-json\/wp\/v2\/product\/4357","targetHints":{"allow":["GET"]}}],"collection":[{"href":"https:\/\/protectoravilagarcia.org\/es\/wp-json\/wp\/v2\/product"}],"about":[{"href":"https:\/\/protectoravilagarcia.org\/es\/wp-json\/wp\/v2\/types\/product"}],"wp:featuredmedia":[{"embeddable":true,"href":"https:\/\/protectoravilagarcia.org\/es\/wp-json\/wp\/v2\/media\/4432"}],"wp:attachment":[{"href":"https:\/\/protectoravilagarcia.org\/es\/wp-json\/wp\/v2\/media?parent=4357"}],"wp:term":[{"taxonomy":"product_brand","embeddable":true,"href":"https:\/\/protectoravilagarcia.org\/es\/wp-json\/wp\/v2\/product_brand?post=4357"},{"taxonomy":"product_cat","embeddable":true,"href":"https:\/\/protectoravilagarcia.org\/es\/wp-json\/wp\/v2\/product_cat?post=4357"},{"taxonomy":"product_tag","embeddable":true,"href":"https:\/\/protectoravilagarcia.org\/es\/wp-json\/wp\/v2\/product_tag?post=4357"}],"curies":[{"name":"wp","href":"https:\/\/api.w.org\/{rel}","templated":true}]}}