{"id":4325,"date":"2021-08-02T12:06:32","date_gmt":"2021-08-02T10:06:32","guid":{"rendered":"https:\/\/protectoravilagarcia.org\/?post_type=product&#038;p=4325"},"modified":"2021-12-29T21:30:45","modified_gmt":"2021-12-29T20:30:45","slug":"dobi","status":"publish","type":"product","link":"https:\/\/protectoravilagarcia.org\/es\/peludo\/dobi\/","title":{"rendered":"Dobi"},"content":{"rendered":"<p>Hola!! Soy Dobi, un mestizo de Doberman de lo m\u00e1s salao. Soy muy simp\u00e1tico y juguet\u00f3n, un poco loquito pero es que soy un jovenzuelo.\u00a0 Si te apetece pasarlo bien conmigo soy el perro indicado, solo que necesito que quien me adopte tenga los papeles necesarios para la tenencia de perros PPP. Si est\u00e1s interesado\/a llama al 986160110, manda un mail (info@protectoravilagarcia.org), contacta por Facebook (https:\/\/www. facebook. com\/protectoravilagarcia) o por instagram.<\/p>\n","protected":false},"excerpt":{"rendered":"<p>Hola!! Soy Dobi, un mestizo de Doberman de lo m\u00e1s salao. Soy muy simp\u00e1tico y juguet\u00f3n, un poco loquito pero es que soy un jovenzuelo.\u00a0 Si te apetece pasarlo bien conmigo soy el perro indicado, solo que necesito que quien me adopte tenga los papeles necesarios para la tenencia de perros PPP. Si est\u00e1s interesado\/a [&hellip;]<\/p>\n","protected":false},"featured_media":4332,"template":"","meta":[],"product_brand":[],"product_cat":[46],"product_tag":[],"class_list":{"0":"post-4325","1":"product","2":"type-product","3":"status-publish","4":"has-post-thumbnail","6":"product_cat-adoptados","7":"pa_especie-perro","8":"pa_raza-doberman","9":"pa_sexo-macho","10":"pa_tamano-grande","12":"first","13":"instock","14":"shipping-taxable","15":"product-type-simple"},"_links":{"self":[{"href":"https:\/\/protectoravilagarcia.org\/es\/wp-json\/wp\/v2\/product\/4325","targetHints":{"allow":["GET"]}}],"collection":[{"href":"https:\/\/protectoravilagarcia.org\/es\/wp-json\/wp\/v2\/product"}],"about":[{"href":"https:\/\/protectoravilagarcia.org\/es\/wp-json\/wp\/v2\/types\/product"}],"wp:featuredmedia":[{"embeddable":true,"href":"https:\/\/protectoravilagarcia.org\/es\/wp-json\/wp\/v2\/media\/4332"}],"wp:attachment":[{"href":"https:\/\/protectoravilagarcia.org\/es\/wp-json\/wp\/v2\/media?parent=4325"}],"wp:term":[{"taxonomy":"product_brand","embeddable":true,"href":"https:\/\/protectoravilagarcia.org\/es\/wp-json\/wp\/v2\/product_brand?post=4325"},{"taxonomy":"product_cat","embeddable":true,"href":"https:\/\/protectoravilagarcia.org\/es\/wp-json\/wp\/v2\/product_cat?post=4325"},{"taxonomy":"product_tag","embeddable":true,"href":"https:\/\/protectoravilagarcia.org\/es\/wp-json\/wp\/v2\/product_tag?post=4325"}],"curies":[{"name":"wp","href":"https:\/\/api.w.org\/{rel}","templated":true}]}}