{"id":4321,"date":"2021-08-02T11:56:21","date_gmt":"2021-08-02T09:56:21","guid":{"rendered":"https:\/\/protectoravilagarcia.org\/?post_type=product&#038;p=4321"},"modified":"2021-09-10T17:53:21","modified_gmt":"2021-09-10T15:53:21","slug":"tuki-tuki","status":"publish","type":"product","link":"https:\/\/protectoravilagarcia.org\/es\/peludo\/tuki-tuki\/","title":{"rendered":"Tuki Tuki"},"content":{"rendered":"<p>Soy Tuki Tuki, un amor de perrete. Soy bueno y cari\u00f1oso, me llevo bien con mis compa\u00f1eros peludos, me gusta mucho la gente. Tengo unos dentucos hacia afuera de lo m\u00e1s simp\u00e1ticos y el hocico un poco extra\u00f1o lo que hace que haga un poco de ruido al respirar pero&#8230;.eso es lo que me hace tan especial. Si est\u00e1s interesado\/a en adoptarme llama al 986160110, manda un mail (info@protectoravilagarcia.org), contacta por Facebook (https:\/\/www. facebook. com\/protectoravilagarcia) o por instagram.<\/p>\n","protected":false},"excerpt":{"rendered":"<p>Soy Tuki Tuki, un amor de perrete. Soy bueno y cari\u00f1oso, me llevo bien con mis compa\u00f1eros peludos, me gusta mucho la gente. Tengo unos dentucos hacia afuera de lo m\u00e1s simp\u00e1ticos y el hocico un poco extra\u00f1o lo que hace que haga un poco de ruido al respirar pero&#8230;.eso es lo que me hace [&hellip;]<\/p>\n","protected":false},"featured_media":4323,"template":"","meta":[],"product_brand":[],"product_cat":[44],"product_tag":[],"class_list":{"0":"post-4321","1":"product","2":"type-product","3":"status-publish","4":"has-post-thumbnail","6":"product_cat-cielo-prote","7":"pa_especie-perro","8":"pa_raza-cruce-sabueso","9":"pa_sexo-macho","10":"pa_tamano-mediano","12":"first","13":"instock","14":"shipping-taxable","15":"product-type-simple"},"_links":{"self":[{"href":"https:\/\/protectoravilagarcia.org\/es\/wp-json\/wp\/v2\/product\/4321","targetHints":{"allow":["GET"]}}],"collection":[{"href":"https:\/\/protectoravilagarcia.org\/es\/wp-json\/wp\/v2\/product"}],"about":[{"href":"https:\/\/protectoravilagarcia.org\/es\/wp-json\/wp\/v2\/types\/product"}],"wp:featuredmedia":[{"embeddable":true,"href":"https:\/\/protectoravilagarcia.org\/es\/wp-json\/wp\/v2\/media\/4323"}],"wp:attachment":[{"href":"https:\/\/protectoravilagarcia.org\/es\/wp-json\/wp\/v2\/media?parent=4321"}],"wp:term":[{"taxonomy":"product_brand","embeddable":true,"href":"https:\/\/protectoravilagarcia.org\/es\/wp-json\/wp\/v2\/product_brand?post=4321"},{"taxonomy":"product_cat","embeddable":true,"href":"https:\/\/protectoravilagarcia.org\/es\/wp-json\/wp\/v2\/product_cat?post=4321"},{"taxonomy":"product_tag","embeddable":true,"href":"https:\/\/protectoravilagarcia.org\/es\/wp-json\/wp\/v2\/product_tag?post=4321"}],"curies":[{"name":"wp","href":"https:\/\/api.w.org\/{rel}","templated":true}]}}