{"id":4318,"date":"2021-08-02T11:45:26","date_gmt":"2021-08-02T09:45:26","guid":{"rendered":"https:\/\/protectoravilagarcia.org\/?post_type=product&#038;p=4318"},"modified":"2023-03-16T11:06:14","modified_gmt":"2023-03-16T10:06:14","slug":"padrino","status":"publish","type":"product","link":"https:\/\/protectoravilagarcia.org\/es\/peludo\/padrino\/","title":{"rendered":"Don Vito"},"content":{"rendered":"<p>Hola!! Soy Don Vito un pastorcete muy chulo. Soy un guaperas y muy cari\u00f1oso me gusta mucho la gente. Aunque no tanto mis colegas peludos, por lo que me tendr\u00eda que ir adoptado como perro \u00fanico. Si est\u00e1s interesado\/a en adoptarme llama al 986160110, manda un mail (info@protectoravilagarcia.org), contacta por Facebook (https:\/\/www. facebook. com\/protectoravilagarcia) o por instagram.<\/p>\n","protected":false},"excerpt":{"rendered":"<p>Hola!! Soy Don Vito un pastorcete muy chulo. Soy un guaperas y muy cari\u00f1oso me gusta mucho la gente. Aunque no tanto mis colegas peludos, por lo que me tendr\u00eda que ir adoptado como perro \u00fanico. Si est\u00e1s interesado\/a en adoptarme llama al 986160110, manda un mail (info@protectoravilagarcia.org), contacta por Facebook (https:\/\/www. facebook. com\/protectoravilagarcia) o [&hellip;]<\/p>\n","protected":false},"featured_media":4319,"template":"","meta":[],"product_brand":[],"product_cat":[46],"product_tag":[],"class_list":{"0":"post-4318","1":"product","2":"type-product","3":"status-publish","4":"has-post-thumbnail","6":"product_cat-adoptados","7":"pa_especie-perro","8":"pa_raza-cruce-pastor-aleman","9":"pa_sexo-macho","10":"pa_tamano-grande","12":"first","13":"instock","14":"shipping-taxable","15":"product-type-simple"},"_links":{"self":[{"href":"https:\/\/protectoravilagarcia.org\/es\/wp-json\/wp\/v2\/product\/4318","targetHints":{"allow":["GET"]}}],"collection":[{"href":"https:\/\/protectoravilagarcia.org\/es\/wp-json\/wp\/v2\/product"}],"about":[{"href":"https:\/\/protectoravilagarcia.org\/es\/wp-json\/wp\/v2\/types\/product"}],"wp:featuredmedia":[{"embeddable":true,"href":"https:\/\/protectoravilagarcia.org\/es\/wp-json\/wp\/v2\/media\/4319"}],"wp:attachment":[{"href":"https:\/\/protectoravilagarcia.org\/es\/wp-json\/wp\/v2\/media?parent=4318"}],"wp:term":[{"taxonomy":"product_brand","embeddable":true,"href":"https:\/\/protectoravilagarcia.org\/es\/wp-json\/wp\/v2\/product_brand?post=4318"},{"taxonomy":"product_cat","embeddable":true,"href":"https:\/\/protectoravilagarcia.org\/es\/wp-json\/wp\/v2\/product_cat?post=4318"},{"taxonomy":"product_tag","embeddable":true,"href":"https:\/\/protectoravilagarcia.org\/es\/wp-json\/wp\/v2\/product_tag?post=4318"}],"curies":[{"name":"wp","href":"https:\/\/api.w.org\/{rel}","templated":true}]}}