{"id":4311,"date":"2021-07-07T19:52:33","date_gmt":"2021-07-07T17:52:33","guid":{"rendered":"https:\/\/protectoravilagarcia.org\/?post_type=product&#038;p=4311"},"modified":"2021-09-10T18:09:35","modified_gmt":"2021-09-10T16:09:35","slug":"evo","status":"publish","type":"product","link":"https:\/\/protectoravilagarcia.org\/es\/peludo\/evo\/","title":{"rendered":"Evo"},"content":{"rendered":"<p>Hola a todos!! Soy Evo, un grif\u00f3n guap\u00edsimo. Soy muy besuc\u00f3n, y muevo mucho mi peque\u00f1o rabito cuando me hacen caso y me dan mimitos. Soy sociable y cari\u00f1oso, un poco t\u00edmido al principio pero enseguida me suelto cuando veo que solo recibo mimitos. Si est\u00e1s interesado\/a en adoptarme llama al 986160110, manda un mail (info@protectoravilagarcia.org), contacta por Facebook (https:\/\/www. facebook. com\/protectoravilagarcia) o por instagram.<\/p>\n","protected":false},"excerpt":{"rendered":"<p>Hola a todos!! Soy Evo, un grif\u00f3n guap\u00edsimo. Soy muy besuc\u00f3n, y muevo mucho mi peque\u00f1o rabito cuando me hacen caso y me dan mimitos. Soy sociable y cari\u00f1oso, un poco t\u00edmido al principio pero enseguida me suelto cuando veo que solo recibo mimitos. Si est\u00e1s interesado\/a en adoptarme llama al 986160110, manda un mail [&hellip;]<\/p>\n","protected":false},"featured_media":4298,"template":"","meta":[],"product_brand":[],"product_cat":[46],"product_tag":[],"class_list":{"0":"post-4311","1":"product","2":"type-product","3":"status-publish","4":"has-post-thumbnail","6":"product_cat-adoptados","7":"pa_especie-perro","8":"pa_raza-grifon","9":"pa_sexo-macho","10":"pa_tamano-mediano","12":"first","13":"instock","14":"shipping-taxable","15":"product-type-simple"},"_links":{"self":[{"href":"https:\/\/protectoravilagarcia.org\/es\/wp-json\/wp\/v2\/product\/4311","targetHints":{"allow":["GET"]}}],"collection":[{"href":"https:\/\/protectoravilagarcia.org\/es\/wp-json\/wp\/v2\/product"}],"about":[{"href":"https:\/\/protectoravilagarcia.org\/es\/wp-json\/wp\/v2\/types\/product"}],"wp:featuredmedia":[{"embeddable":true,"href":"https:\/\/protectoravilagarcia.org\/es\/wp-json\/wp\/v2\/media\/4298"}],"wp:attachment":[{"href":"https:\/\/protectoravilagarcia.org\/es\/wp-json\/wp\/v2\/media?parent=4311"}],"wp:term":[{"taxonomy":"product_brand","embeddable":true,"href":"https:\/\/protectoravilagarcia.org\/es\/wp-json\/wp\/v2\/product_brand?post=4311"},{"taxonomy":"product_cat","embeddable":true,"href":"https:\/\/protectoravilagarcia.org\/es\/wp-json\/wp\/v2\/product_cat?post=4311"},{"taxonomy":"product_tag","embeddable":true,"href":"https:\/\/protectoravilagarcia.org\/es\/wp-json\/wp\/v2\/product_tag?post=4311"}],"curies":[{"name":"wp","href":"https:\/\/api.w.org\/{rel}","templated":true}]}}