{"id":4295,"date":"2021-07-07T19:21:15","date_gmt":"2021-07-07T17:21:15","guid":{"rendered":"https:\/\/protectoravilagarcia.org\/?post_type=product&#038;p=4295"},"modified":"2021-08-02T11:57:03","modified_gmt":"2021-08-02T09:57:03","slug":"4295","status":"publish","type":"product","link":"https:\/\/protectoravilagarcia.org\/es\/peludo\/4295\/","title":{"rendered":"Albin"},"content":{"rendered":"<p>Hola, soy Albin, un perrito precioso. Soy un cachorrito adorable y un poco especial, porque estoy ciego y sordo. Pero eso no me impide ser un peque\u00f1ajo entra\u00f1able y simp\u00e1tico. Me gustan mucho mis compa\u00f1eros peludos, y los mimitos de la gente me encantan. Prometo hacer muy feliz a quien me adopte, se lo pasar\u00e1 en grande conmigo. Si tuviera otro compa\u00f1ero peludo ser\u00eda ideal porque me ayudar\u00eda a aprender y me har\u00eda de gu\u00eda. Si est\u00e1s interesado\/a en adoptarme llama al 986160110, manda un mail (info@protectoravilagarcia.org), contacta por Facebook (https:\/\/www. facebook. com\/protectoravilagarcia) o por instagram.<\/p>\n","protected":false},"excerpt":{"rendered":"<p>Hola, soy Albin, un perrito precioso. Soy un cachorrito adorable y un poco especial, porque estoy ciego y sordo. Pero eso no me impide ser un peque\u00f1ajo entra\u00f1able y simp\u00e1tico. Me gustan mucho mis compa\u00f1eros peludos, y los mimitos de la gente me encantan. Prometo hacer muy feliz a quien me adopte, se lo pasar\u00e1 [&hellip;]<\/p>\n","protected":false},"featured_media":4303,"template":"","meta":[],"product_brand":[],"product_cat":[46],"product_tag":[],"class_list":{"0":"post-4295","1":"product","2":"type-product","3":"status-publish","4":"has-post-thumbnail","6":"product_cat-adoptados","7":"pa_especie-perro","8":"pa_raza-mestizo-collie","9":"pa_sexo-macho","10":"pa_tamano-mediano","12":"first","13":"instock","14":"shipping-taxable","15":"product-type-simple"},"_links":{"self":[{"href":"https:\/\/protectoravilagarcia.org\/es\/wp-json\/wp\/v2\/product\/4295","targetHints":{"allow":["GET"]}}],"collection":[{"href":"https:\/\/protectoravilagarcia.org\/es\/wp-json\/wp\/v2\/product"}],"about":[{"href":"https:\/\/protectoravilagarcia.org\/es\/wp-json\/wp\/v2\/types\/product"}],"wp:featuredmedia":[{"embeddable":true,"href":"https:\/\/protectoravilagarcia.org\/es\/wp-json\/wp\/v2\/media\/4303"}],"wp:attachment":[{"href":"https:\/\/protectoravilagarcia.org\/es\/wp-json\/wp\/v2\/media?parent=4295"}],"wp:term":[{"taxonomy":"product_brand","embeddable":true,"href":"https:\/\/protectoravilagarcia.org\/es\/wp-json\/wp\/v2\/product_brand?post=4295"},{"taxonomy":"product_cat","embeddable":true,"href":"https:\/\/protectoravilagarcia.org\/es\/wp-json\/wp\/v2\/product_cat?post=4295"},{"taxonomy":"product_tag","embeddable":true,"href":"https:\/\/protectoravilagarcia.org\/es\/wp-json\/wp\/v2\/product_tag?post=4295"}],"curies":[{"name":"wp","href":"https:\/\/api.w.org\/{rel}","templated":true}]}}