{"id":4274,"date":"2021-05-18T13:21:00","date_gmt":"2021-05-18T11:21:00","guid":{"rendered":"https:\/\/protectoravilagarcia.org\/?post_type=product&#038;p=4274"},"modified":"2021-07-07T18:28:55","modified_gmt":"2021-07-07T16:28:55","slug":"nyra","status":"publish","type":"product","link":"https:\/\/protectoravilagarcia.org\/es\/peludo\/nyra\/","title":{"rendered":"Nyra"},"content":{"rendered":"<p>Hola!! Soy Nyra, una adorable perrita que busca familia. Soy guap\u00edsima muy buena y sociable. Soy simp\u00e1tica y cari\u00f1osa. Me llevo muy bien con mis colegas peludos y paseo de maravilla. Si me llevas contigo prometo darte mucho besitos y quererte mucho, me encantar\u00eda vivir miles de aventuras. SI est\u00e1s interesado\/a llama al 986160110, manda un mail (info@protectoravilagarcia.org), contacta por Facebook (https:\/\/www. facebook. com\/protectoravilagarcia) o por instagram.<\/p>\n","protected":false},"excerpt":{"rendered":"<p>Hola!! Soy Nyra, una adorable perrita que busca familia. Soy guap\u00edsima muy buena y sociable. Soy simp\u00e1tica y cari\u00f1osa. Me llevo muy bien con mis colegas peludos y paseo de maravilla. Si me llevas contigo prometo darte mucho besitos y quererte mucho, me encantar\u00eda vivir miles de aventuras. SI est\u00e1s interesado\/a llama al 986160110, manda [&hellip;]<\/p>\n","protected":false},"featured_media":4275,"template":"","meta":[],"product_brand":[],"product_cat":[46],"product_tag":[],"class_list":{"0":"post-4274","1":"product","2":"type-product","3":"status-publish","4":"has-post-thumbnail","6":"product_cat-adoptados","7":"pa_especie-perro","8":"pa_raza-mestiza-pastor","9":"pa_sexo-hembra","10":"pa_tamano-grande","12":"first","13":"instock","14":"shipping-taxable","15":"product-type-simple"},"_links":{"self":[{"href":"https:\/\/protectoravilagarcia.org\/es\/wp-json\/wp\/v2\/product\/4274","targetHints":{"allow":["GET"]}}],"collection":[{"href":"https:\/\/protectoravilagarcia.org\/es\/wp-json\/wp\/v2\/product"}],"about":[{"href":"https:\/\/protectoravilagarcia.org\/es\/wp-json\/wp\/v2\/types\/product"}],"wp:featuredmedia":[{"embeddable":true,"href":"https:\/\/protectoravilagarcia.org\/es\/wp-json\/wp\/v2\/media\/4275"}],"wp:attachment":[{"href":"https:\/\/protectoravilagarcia.org\/es\/wp-json\/wp\/v2\/media?parent=4274"}],"wp:term":[{"taxonomy":"product_brand","embeddable":true,"href":"https:\/\/protectoravilagarcia.org\/es\/wp-json\/wp\/v2\/product_brand?post=4274"},{"taxonomy":"product_cat","embeddable":true,"href":"https:\/\/protectoravilagarcia.org\/es\/wp-json\/wp\/v2\/product_cat?post=4274"},{"taxonomy":"product_tag","embeddable":true,"href":"https:\/\/protectoravilagarcia.org\/es\/wp-json\/wp\/v2\/product_tag?post=4274"}],"curies":[{"name":"wp","href":"https:\/\/api.w.org\/{rel}","templated":true}]}}